{"id":1415,"date":"2025-12-16T14:58:32","date_gmt":"2025-12-16T14:58:32","guid":{"rendered":"https:\/\/ivy-bet.com\/app\/"},"modified":"2025-12-17T08:20:39","modified_gmt":"2025-12-17T08:20:39","slug":"app","status":"publish","type":"page","link":"https:\/\/ivy-bet.com\/de\/app\/","title":{"rendered":"App"},"content":{"rendered":"<h1>IvyBet App<\/h1>\n<p>Spielen Sie unterwegs mit der IvyBet App \u2013 einer revolution\u00e4ren mobilen Anwendung. Unsere selbst entwickelte, fortschrittliche Spielesoftware bietet Ihnen das komplette Casino-Erlebnis auf Knopfdruck und erm\u00f6glicht es Ihnen, eine umfangreiche Auswahl Ihrer Lieblingsspiele zu spielen, wo immer Sie wollen, zu jeder Zeit und ohne Abstriche bei Qualit\u00e4t oder Funktionen. Mit nur ein oder zwei Klicks auf Ihrem Smartphone, Tablet, Desktop oder Laptop bietet Ihnen die IvyBet-Anwendung nahtloses, spannendes Spielvergn\u00fcgen, egal ob Sie unterwegs oder zu Hause sind, \u00fcberall im Land.<\/p>\n<p>Unsere charakteristischen Merkmale wie atemberaubende Grafiken, beeindruckende Soundeffekte, fl\u00fcssige Steuerung und eine herausragende Spielvielfalt werden professionell an die Bildschirmgr\u00f6\u00dfe und die technischen M\u00f6glichkeiten Ihres Mobilger\u00e4ts angepasst. Die Ivy Bet-App ist der Inbegriff f\u00fcr Einfachheit und \u00dcberlegenheit im Bereich Mobile Gaming und wird regelm\u00e4\u00dfig aktualisiert.<\/p>\n<div class=\"banner-wrap\" aria-label=\"Banner\"><img src=\"https:\/\/ivy-bet.com\/wp-content\/uploads\/2025\/12\/Desktop-2.webp\" class=\"w-100 d-none d-lg-block img-pc main-banner-img\" alt=\"Ivybet desktop banner\" fetchpriority=\"high\" decoding=\"async\"><img src=\"https:\/\/ivy-bet.com\/wp-content\/uploads\/2025\/12\/1_1-2.webp\" class=\"w-100 d-none d-md-block d-lg-none main-banner-img\" alt=\"Ivybet mobile banner\" fetchpriority=\"high\" decoding=\"async\"><img src=\"https:\/\/ivy-bet.com\/wp-content\/uploads\/2025\/12\/1_1-2.webp\" class=\"w-100 d-md-none\" alt=\"Ivybet mobile banner\" fetchpriority=\"high\" decoding=\"async\"><div class=\"banner-description\">\n<div class=\"banner-title\">Willkommensboni<\/div>\n<p class=\"banner-header-title\">\u20ac1,500<\/p>\n<div class=\"banner-header-AdditionalText\">+ 250 Freispiele<\/div>\n<button data-item=\"homepage_banner_link\" class=\"goto m-button m-gradient-border m-button--primary m-button--large banner-button btn-orange\">\n            <div class=\"m-button-content\">\n                <span>Jetzt anmelden<\/span>\n                <span><\/span>\n            <\/div>\n        <\/button>\n<\/div>\n<div class=\"WelcomePack\">\n<p><img loading=\"lazy\" decoding=\"async\" class=\"alignnone size-full wp-image-1372\" src=\"https:\/\/ivy-bet.com\/wp-content\/uploads\/2025\/12\/welcome-crown.svg\" alt=\"crown\" width=\"25\" height=\"26\" \/><\/p>\n<div class=\"WelcomePack-Info\">W\u00f6chentlicher Cashback von bis zu 25 %<\/div>\n<p><img loading=\"lazy\" decoding=\"async\" class=\"alignnone size-full wp-image-1372\" src=\"https:\/\/ivy-bet.com\/wp-content\/uploads\/2025\/12\/welcome-crown.svg\" alt=\"crown\" width=\"25\" height=\"26\" \/><\/p>\n<\/div>\n<\/div>\n<h2>Wichtigste Merkmale<\/h2>\n<p>Die besonderen Funktionen der Ivy Bet-App sorgen f\u00fcr ein abwechslungsreiches Spielerlebnis:<\/p>\n<table>\n<tbody>\n<tr>\n<td>Umfangreiche Spielauswahl<\/td>\n<td>Es stehen mehr als 6.000 Tischspiele zur Auswahl, darunter Spielautomaten, Blackjack, Poker, Roulette und andere Casino-Spiele mit hohen Eins\u00e4tzen und Live-Dealern.<\/td>\n<\/tr>\n<tr>\n<td>Gro\u00dfz\u00fcgige Boni und Werbeaktionen<\/td>\n<td>Erhalten Sie gro\u00dfz\u00fcgige Willkommensboni, regelm\u00e4\u00dfige Freispiele, spezielle Aktionen nur f\u00fcr Mobilger\u00e4te und unterhaltsame Turniere mit stets hohen Preispools.<\/td>\n<\/tr>\n<tr>\n<td>\nBenutzerfreundliche Oberfl\u00e4che<\/td>\n<td>Dank der \u00fcbersichtlichen Benutzeroberfl\u00e4che k\u00f6nnen Sie Ihre Lieblingsspiele ganz einfach finden und Ihr Konto sowie Ihre Transaktionen verwalten \u2013 ideal f\u00fcr Casino-Neulinge.<\/td>\n<\/tr>\n<tr>\n<td>Sicherheit auf h\u00f6chstem Niveau<\/td>\n<td>Ein hohes Ma\u00df an Verschl\u00fcsselung, sichere Zahlungskan\u00e4le und regelm\u00e4\u00dfige Sicherheits\u00fcberpr\u00fcfungen gew\u00e4hrleisten ein H\u00f6chstma\u00df an Sicherheit im digitalen Bereich und im Internet und sch\u00fctzen Ihre pers\u00f6nlichen und finanziellen Daten.<\/td>\n<\/tr>\n<tr>\n<td>Multi-Plattform-Zug\u00e4nglichkeit<\/td>\n<td>Dank reibungsloser Synchronisierung kannst du auf Android-, iOS-, Windows- und macOS-Ger\u00e4ten spielen, ohne deinen Fortschritt oder deine Einstellungen zu verlieren.<\/td>\n<\/tr>\n<tr>\n<td>\nKundensupport rund um die Uhr<\/td>\n<td>Wir bieten Ihnen rund um die Uhr hochwertigen Support. Sie k\u00f6nnen uns per E-Mail oder Live-Chat erreichen, und unsere Mitarbeiter werden Ihnen so schnell wie m\u00f6glich weiterhelfen.<\/td>\n<\/tr>\n<\/tbody>\n<\/table>\n<p><div class=\"scrollable-content-wrap my-5\"><div class=\"scrollable-content-inner\"><h2>IvyBet Casino APK (Android)<\/h2>\n<p>Das komplette Ivy Bet Casino-Erlebnis auf Ihrem Android-Ger\u00e4t zu erhalten, ist bemerkenswert einfach und dauert von Anfang bis Ende nur wenige Minuten. Mit unserer ma\u00dfgeschneiderten IvyBet APK-Version k\u00f6nnen Sie unsere Premium-Casino-Plattform auch dann nutzen, wenn sie nicht in Ihrem lokalen Google Play Store verf\u00fcgbar ist.<\/p>\n<p>Das APK-Installationsverfahren wurde vereinfacht, um den h\u00f6chsten Sicherheitsanforderungen gerecht zu werden. Wir optimieren unsere Android-Anwendung f\u00fcr preisg\u00fcnstige Ger\u00e4te und Premium-Modelle, um den Speicherplatzbedarf zu reduzieren und die Leistung zu maximieren.<\/p>\n<p>Um die Ivy Bet APK auf Ihrem Android-Ger\u00e4t zu installieren, befolgen Sie einfach diese umfassende Schritt-f\u00fcr-Schritt-Anleitung:<\/p>\n<ol>\n<li>Geben Sie die URL ein oder suchen Sie die Website von IvyBet Casino in Ihrem bevorzugten mobilen Browser (Chrome, Firefox, Samsung Internet oder einem anderen Browser), um die offizielle Website aufzurufen. Um Phishing zu vermeiden, \u00fcberpr\u00fcfen Sie die URL und das Sicherheitszertifikat, um sicherzustellen, dass Sie sich auf unserer Website befinden.<\/li>\n<li>Tippen Sie auf die Schaltfl\u00e4che \u201eCasino-App\u201c auf der Startseite, um zum mobilen Bereich unserer Website zu gelangen.<\/li>\n<li>Dr\u00fccken Sie auf der Seite \u201eMobile Apps\u201c die Schaltfl\u00e4che \u201eInstallieren\u201c. Dadurch wird der Download unserer neuesten APK-Version gestartet.<\/li>\n<li>Aktivieren Sie vor der Installation die Installation von Apps aus anderen Quellen als dem Google Play Store. Aktivieren Sie in den Ger\u00e4teeinstellungen unter \u201eSicherheit\u201c die Option \u201eInstallation aus unbekannten Quellen\u201c.<\/li>\n<li>Nach Abschluss der Installation erhalten Sie eine Benachrichtigung. Wenn Ihre Ger\u00e4teeinstellungen dies zulassen, befindet sich das IvyBet Casino-Symbol nun auf Ihrem Startbildschirm.<\/li>\n<\/ol>\n<p>Starten Sie die Anwendung, indem Sie auf das Symbol tippen, melden Sie sich mit Ihrem Benutzernamen\/Ihrer E-Mail-Adresse und Ihrem Passwort bei Ihrem Ivy Bet Casino-Konto an oder registrieren Sie sich, wenn Sie neu sind. Die mobile Registrierung ist einfach und erfordert nur die Angabe grundlegender Informationen, um loszulegen.<\/p>\n<p>Nach der Anmeldung k\u00f6nnen Sie \u00fcber das Einstellungsmen\u00fc Ihre Benachrichtigungs-, Anzeige- und Kontosicherheitseinstellungen festlegen.<\/p>\n<p>Die APK wird regelm\u00e4\u00dfig mit Leistungsverbesserungen, Sicherheitserweiterungen und neuen Funktionen aktualisiert. Update-Benachrichtigungen werden direkt \u00fcber die Anwendung bereitgestellt, damit Sie stets die neueste Version mit allen verf\u00fcgbaren Verbesserungen und Optimierungen nutzen k\u00f6nnen.<\/p>\n<p>Unser Entwicklungsteam besteht aus engagierten Android-Spezialisten, die die Anwendung kontinuierlich weiterentwickeln, um die neuesten Android-Funktionen zu nutzen und gleichzeitig die Abw\u00e4rtskompatibilit\u00e4t mit \u00e4lteren Ger\u00e4ten sicherzustellen.<\/p>\n<p><img loading=\"lazy\" decoding=\"async\" src=\"https:\/\/ivy-bet.com\/wp-content\/uploads\/2025\/12\/Ivybet-iOS-App.webp\" alt=\"Ivybet iOS App\" width=\"1248\" height=\"536\" \/><\/p>\n<\/div><\/div><div style=\"clear: both\"><\/div><div class=\"d-flex justify-content-center\"><button data-item=\"decouvrez_link\" data-group=\"website_links\" class=\"goto fw-bold rounded-pill btn btn-orange\" aria-label=\"Laden Sie die Ivybet-App herunter\" >Laden Sie die Ivybet-App herunter<\/button><\/div><div class=\"scrollable-content-wrap my-5\"><div class=\"scrollable-content-inner\"><h2>IvyBet Casino App f\u00fcr Ihr iOS-Ger\u00e4t<\/h2>\n<p>Apple-Kunden k\u00f6nnen nun mit unserer iOS-Anwendung, die genau auf die hohen Design- und Qualit\u00e4tsanforderungen von Apple zugeschnitten ist, das erstklassige IvyBet-Erlebnis auf ihren iPhones und iPads genie\u00dfen. Die Anwendung nutzt iOS-exklusive Funktionen und Optimierungen, um fl\u00fcssige Spiel\u00fcberg\u00e4nge und atemberaubende hochaufl\u00f6sende Grafiken zu bieten, die sich perfekt an die Displays von Apple anpassen. Wir pflegen die App so, dass unser Team sie bei gr\u00f6\u00dferen iOS-Ver\u00f6ffentlichungen innerhalb weniger Tage aktualisiert, um die Kompatibilit\u00e4t zu gew\u00e4hrleisten und neue Systemfunktionen zu nutzen.<\/p>\n<p>Installieren Sie die IvyBet-App und beginnen Sie mit den folgenden Schritten mit dem mobilen Gl\u00fccksspiel:<\/p>\n<ol>\n<li>Tippen Sie nach dem Entsperren Ihres iPad oder iPhone auf das App Store-Symbol in Ihrer App-Bibliothek auf dem Startbildschirm. Alle Apps im App Store von Apple wurden auf Sicherheit und Einhaltung der strengen Entwicklungskriterien von Apple gepr\u00fcft.<\/li>\n<li>\u00d6ffnen Sie den App Store, tippen Sie auf das Suchsymbol (Lupe) in der unteren Navigationsleiste und geben Sie \u201eIvy Bet Casino\u201c in das obere Suchfeld ein. Die Schreibweise muss genau sein, um korrekte Ergebnisse zu erhalten.<\/li>\n<li>Die Schaltfl\u00e4che \u201eGet\u201c neben dem Programmnamen startet den Installationsvorgang. Wenn Sie das Programm neu installieren, wird m\u00f6glicherweise anstelle von \u201eGet\u201c ein Cloud-Symbol mit einem Abw\u00e4rtspfeil angezeigt.<\/li>\n<li>Authentifizieren Sie die Download-Anfrage mit Face ID auf neuen Ger\u00e4ten, Touch ID auf Ger\u00e4ten mit Home-Button oder Ihrem Apple-ID-Passwort. Diese Sicherheitsma\u00dfnahme beschr\u00e4nkt die Installation auf autorisierte deutsche Nutzer.<\/li>\n<li>Nach der Installation wird die Schaltfl\u00e4che \u201e\u00d6ffnen\u201c angezeigt. Tippen Sie darauf, um die App zu \u00f6ffnen. Andernfalls gelangen Sie zur\u00fcck zum Startbildschirm, wo das neue IvyBet Casino-Symbol angezeigt wird.<\/li>\n<li>Melden Sie sich abschlie\u00dfend mit Ihren Ivy Bet Casino-Daten an oder w\u00e4hlen Sie die Option zur Registrierung eines neuen Kontos in einfachen Schritten. Das Registrierungsverfahren f\u00fcr iOS ist f\u00fcr die Touch-Eingabe optimiert und erfordert nur minimale Angaben, damit Sie sofort spielen k\u00f6nnen.<\/li>\n<\/ol>\n<p>Unsere iOS-Software wird regelm\u00e4\u00dfig \u00fcber den App Store aktualisiert, um neue iOS-Funktionen, Sicherheitskorrekturen und Spieletitel hinzuzuf\u00fcgen und die Leistungsstabilit\u00e4t zu verbessern. Diese Upgrades werden auf allen unterst\u00fctzten Apple-Ger\u00e4ten, von \u00e4lteren iPhones bis hin zu den neuesten iPad Pro-Modellen, rigoros getestet, um ein konsistentes und sicheres Spielerlebnis zu gew\u00e4hrleisten.<\/p>\n<p>Unsere App erkennt verschiedene Bildschirmgr\u00f6\u00dfen und -funktionen und passt sich intelligent daran an. Sie bietet ein umfassendes und ergonomisches Erlebnis, indem sie Layouts, Steuerungsplatzierungen und visuelle Elemente automatisch an Ihr Ger\u00e4t anpasst. Die optimierte Leistung erm\u00f6glicht ein nahtloses Spielerlebnis auf \u00e4lteren iOS-Ger\u00e4ten, w\u00e4hrend sich die Grafikoptionen automatisch an Ihr Ger\u00e4t anpassen.<\/p>\n<p><img loading=\"lazy\" decoding=\"async\" src=\"https:\/\/ivy-bet.com\/wp-content\/uploads\/2025\/12\/Ivybet-Android-App.webp\" alt=\"Ivybet Android App\" width=\"1248\" height=\"536\" \/><\/p>\n<\/div><\/div><div style=\"clear: both\"><\/div><div class=\"d-flex justify-content-center\"><button data-item=\"decouvrez_link\" data-group=\"website_links\" class=\"goto fw-bold rounded-pill btn btn-orange\" aria-label=\"Ivybet herunterladen\" >Ivybet herunterladen<\/button><\/div><div class=\"scrollable-content-wrap my-5\"><div class=\"scrollable-content-inner\"><h2>IvyBet Casino-Anwendung f\u00fcr Windows\/macOS<\/h2>\n<p>Wir haben Desktop-Nutzer in unsere Bem\u00fchungen einbezogen, Gaming plattform\u00fcbergreifend zug\u00e4nglich zu machen. Viele Online-Casinos schr\u00e4nken die mobilen Optionen ein, aber die Ivy Bet Casino App ist f\u00fcr Windows und macOS optimiert.<\/p>\n<p>Windows- und macOS-Benutzer haben zwei praktische Optionen:<\/p>\n<h3>Browserbasierter Zugriff<\/h3>\n<p>Der einfachste Weg erfordert keinen Download. Besuchen Sie die offizielle Website von Ivy Bet Casino in Chrome, Safari, Firefox oder Edge. Unser responsives Design passt sich Ihrer Bildschirmgr\u00f6\u00dfe und -qualit\u00e4t an und sorgt f\u00fcr ein reibungsloses Erlebnis wie bei einer dedizierten App. Mit diesem Ansatz stehen Ihnen alle Spiele, Kontofunktionen und Boni zur Verf\u00fcgung.<\/p>\n<h3>Desktop-Anwendung<\/h3>\n<p>Wir bieten eine leichtgewichtige Desktop-Software f\u00fcr Windows und macOS f\u00fcr ein besser integriertes Erlebnis. Diese App bietet:<\/p>\n<ul>\n<li>Schnellerer Zugriff ohne Browser<\/li>\n<li>Betriebssystemspezifische Leistungsoptimierung<\/li>\n<li>Bonus- und Werbe-Desktop-Benachrichtigungen<\/li>\n<li>Geringerer Ressourcenverbrauch als beim browserbasierten Spielen<\/li>\n<\/ul>\n<p>W\u00e4hlen Sie Ihr Betriebssystem aus unserem Bereich \u201eCasino-App\u201c aus, um die Desktop-App zu erhalten. Die Installation ist einfach und wird begleitet und dauert nur wenige Minuten.<\/p>\n<p><img loading=\"lazy\" decoding=\"async\" src=\"https:\/\/ivy-bet.com\/wp-content\/uploads\/2025\/12\/Ivybet-Desktop.webp\" alt=\"Ivybet Desktop\" width=\"1248\" height=\"536\" \/><\/p>\n<\/div><\/div><div style=\"clear: both\"><\/div><div class=\"d-flex justify-content-center\"><button data-item=\"decouvrez_link\" data-group=\"website_links\" class=\"goto fw-bold rounded-pill btn btn-orange\" aria-label=\"Laden Sie die Ivybet-App herunter\" >Laden Sie die Ivybet-App herunter<\/button><\/div><div class=\"scrollable-content-wrap my-5\"><div class=\"scrollable-content-inner\"><h2>H\u00e4ufig gestellte Fragen<\/h2>\n<h3>Ist der Kundensupport \u00fcber die IvyBet Casino-App verf\u00fcgbar?<\/h3>\n<p>Ja, unser Kundensupport ist \u00fcber die IvyBet-App verf\u00fcgbar. Unser Support-Team ist rund um die Uhr per Live-Chat erreichbar, indem Sie auf das Support-Symbol tippen. Bei umfassenderen Fragen antwortet unser E-Mail-Support-Team innerhalb von 1\u20132 Stunden. Wie unsere Desktop-Plattform bieten alle Support-Optionen hochwertige Hilfe.<\/p>\n<h3>Gibt es eine IvyBet Casino-App f\u00fcr Windows und macOS?<\/h3>\n<p>Ja, IvyBet verf\u00fcgt \u00fcber einen browserbasierten und einen Windows\/macOS-Desktop-Client. Die Desktop-Software beschleunigt das Laden, zeigt Werbeaktionen an und optimiert die Leistung f\u00fcr Ihr Betriebssystem. Es handelt sich um eine ressourcenschonende Software, die das volle Casino-Erlebnis ohne Browser bietet.<\/p>\n<h3>Ben\u00f6tige ich ein Konto, um die IvyBet Casino-App nutzen zu k\u00f6nnen?<\/h3>\n<p>Um die Ivy Bet-Anwendung vollst\u00e4ndig nutzen zu k\u00f6nnen, ist ein Konto erforderlich. Neue Benutzer k\u00f6nnen mit nur wenigen Klicks und minimalen Angaben sowie einer kurzen Verifizierung ein Konto erstellen. Bestehende Benutzer k\u00f6nnen sich mit ihren Zugangsdaten anmelden. Konten sind erforderlich, um den Spielfortschritt zu verfolgen, Geld zu verwalten und personalisierte Pr\u00e4mien zu erhalten.<\/p>\n<h3>Kann ich mit der IvyBet Casino App Live-Casinospiele spielen?<\/h3>\n<p>In HD verf\u00fcgt die mobile Casino-Anwendung von Ivy Bet \u00fcber eine Live-Casino-Option, die von erfahrenen Dealern betreut wird. Es k\u00f6nnen Blackjack, Roulette, Baccarat und Poker in Echtzeit gespielt werden. Das mobile Live-Casino bietet eine minimierte Version des Live-Casinos, die f\u00fcr kleinere Browserger\u00e4te optimiert ist, ohne dabei die Bildsch\u00e4rfe oder das fl\u00fcssige Spiel in 4G-Netzen zu beeintr\u00e4chtigen. Und vergessen Sie nicht, sich das Willkommenspaket zu sichern! Es umfasst jetzt bis zu 1.500 \u20ac + 250 Freispiele!<\/p>\n<h3>Sind alle Spiele in der App verf\u00fcgbar?<\/h3>\n<p>Fast alle IvyBet-Spiele sind in der mobilen App verf\u00fcgbar. Etwa 95 % unserer \u00fcber 6.000 Spiele sind mobilfreundlich und plattform\u00fcbergreifend synchronisiert. Die wenigen Ausnahmen sind \u00e4ltere Spiele, die nicht f\u00fcr Mobilger\u00e4te optimiert sind. Neuerscheinungen werden gleichzeitig auf Desktop- und Mobilger\u00e4ten ver\u00f6ffentlicht und sind plattform\u00fcbergreifend kompatibel.<\/p>\n<h3>Wie aktualisiert man die IvyBet Casino App?<\/h3>\n<p>Aktualisierungen der IvyBet-Anwendung sind aus Sicherheitsgr\u00fcnden und f\u00fcr neue Funktionen erforderlich. Wenn automatische Aktualisierungen aktiviert sind, \u00fcbernimmt der App Store die iOS-Aktualisierungen. Manuelle Aktualisierungen finden Sie im Bereich \u201eApp Store-Aktualisierungen\u201c. Android-Nutzer k\u00f6nnen in den Einstellungen der App nach Aktualisierungen suchen oder Benachrichtigungen erhalten. Um immer \u00fcber die neueste Version zu verf\u00fcgen, aktivieren Sie automatische Aktualisierungen.<\/p>\n<h3>Wie kann man Gewinne \u00fcber die IvyBet-App auszahlen lassen?<\/h3>\n<p>Mit der IvyBet Casino-App k\u00f6nnen Sie Ihre Gewinne schnell und sicher auszahlen lassen. Gehen Sie zu \u201eEinzahlung\u201c, klicken Sie auf \u201eAuszahlung\u201c, w\u00e4hlen Sie Ihre Zahlungsmethode (E-Wallets, Bank\u00fcberweisungen, Kryptow\u00e4hrungen), geben Sie den Betrag ein und best\u00e4tigen Sie. Bei der ersten Auszahlung ist m\u00f6glicherweise eine Verifizierung erforderlich. E-Wallets bearbeiten Auszahlungen in etwa 24 Stunden, w\u00e4hrend Bank\u00fcberweisungen 2\u20135 Werktage dauern.<\/p>\n<\/div><\/div><\/p>\n","protected":false},"excerpt":{"rendered":"<p>IvyBet App Spielen Sie unterwegs mit der IvyBet App \u2013 einer revolution\u00e4ren mobilen Anwendung. Unsere selbst entwickelte, fortschrittliche Spielesoftware bietet Ihnen das komplette Casino-Erlebnis auf Knopfdruck und erm\u00f6glicht es Ihnen, eine umfangreiche Auswahl Ihrer Lieblingsspiele zu spielen, wo immer Sie wollen, zu jeder Zeit und ohne Abstriche bei Qualit\u00e4t oder Funktionen. Mit nur ein oder [&hellip;]<\/p>\n","protected":false},"author":1,"featured_media":0,"parent":0,"menu_order":0,"comment_status":"closed","ping_status":"closed","template":"template-builder.php","meta":{"_acf_changed":false,"inline_featured_image":false,"footnotes":""},"class_list":["post-1415","page","type-page","status-publish","hentry"],"acf":[],"yoast_head":"<!-- This site is optimized with the Yoast SEO plugin v27.3 - https:\/\/yoast.com\/product\/yoast-seo-wordpress\/ -->\n<title>IvyBet App \u2013 Mobiles Casino f\u00fcr Android, iOS, Windows &amp; Mac<\/title>\n<meta name=\"description\" content=\"Laden Sie die IvyBet App f\u00fcr Android oder iOS herunter und \u00f6ffnen Sie sie unter Windows oder macOS. Spielen Sie die besten Online-Casinospiele auf Ihrem Smartphone, Tablet oder Computer im IvyBet Casino \u2013 egal wo Sie sind!\" \/>\n<meta name=\"robots\" content=\"index, follow, max-snippet:-1, max-image-preview:large, max-video-preview:-1\" \/>\n<link rel=\"canonical\" href=\"https:\/\/ivy-bet.com\/de\/app\/\" \/>\n<meta property=\"og:locale\" content=\"de_DE\" \/>\n<meta property=\"og:type\" content=\"article\" \/>\n<meta property=\"og:title\" content=\"IvyBet App \u2013 Mobiles Casino f\u00fcr Android, iOS, Windows &amp; Mac\" \/>\n<meta property=\"og:description\" content=\"Laden Sie die IvyBet App f\u00fcr Android oder iOS herunter und \u00f6ffnen Sie sie unter Windows oder macOS. Spielen Sie die besten Online-Casinospiele auf Ihrem Smartphone, Tablet oder Computer im IvyBet Casino \u2013 egal wo Sie sind!\" \/>\n<meta property=\"og:url\" content=\"https:\/\/ivy-bet.com\/de\/app\/\" \/>\n<meta property=\"og:site_name\" content=\"ivybet\" \/>\n<meta property=\"article:modified_time\" content=\"2025-12-17T08:20:39+00:00\" \/>\n<meta name=\"twitter:card\" content=\"summary_large_image\" \/>\n<meta name=\"twitter:label1\" content=\"Gesch\u00e4tzte Lesezeit\" \/>\n\t<meta name=\"twitter:data1\" content=\"2\u00a0Minuten\" \/>\n<script type=\"application\/ld+json\" class=\"yoast-schema-graph\">{\"@context\":\"https:\\\/\\\/schema.org\",\"@graph\":[{\"@type\":\"WebPage\",\"@id\":\"https:\\\/\\\/ivy-bet.com\\\/de\\\/app\\\/\",\"url\":\"https:\\\/\\\/ivy-bet.com\\\/de\\\/app\\\/\",\"name\":\"IvyBet App \u2013 Mobiles Casino f\u00fcr Android, iOS, Windows & Mac\",\"isPartOf\":{\"@id\":\"https:\\\/\\\/ivy-bet.com\\\/de\\\/#website\"},\"datePublished\":\"2025-12-16T14:58:32+00:00\",\"dateModified\":\"2025-12-17T08:20:39+00:00\",\"description\":\"Laden Sie die IvyBet App f\u00fcr Android oder iOS herunter und \u00f6ffnen Sie sie unter Windows oder macOS. Spielen Sie die besten Online-Casinospiele auf Ihrem Smartphone, Tablet oder Computer im IvyBet Casino \u2013 egal wo Sie sind!\",\"breadcrumb\":{\"@id\":\"https:\\\/\\\/ivy-bet.com\\\/de\\\/app\\\/#breadcrumb\"},\"inLanguage\":\"de\",\"potentialAction\":[{\"@type\":\"ReadAction\",\"target\":[\"https:\\\/\\\/ivy-bet.com\\\/de\\\/app\\\/\"]}]},{\"@type\":\"BreadcrumbList\",\"@id\":\"https:\\\/\\\/ivy-bet.com\\\/de\\\/app\\\/#breadcrumb\",\"itemListElement\":[{\"@type\":\"ListItem\",\"position\":1,\"name\":\"Ivybet\",\"item\":\"https:\\\/\\\/ivy-bet.com\\\/de\\\/\"},{\"@type\":\"ListItem\",\"position\":2,\"name\":\"App\"}]},{\"@type\":\"WebSite\",\"@id\":\"https:\\\/\\\/ivy-bet.com\\\/de\\\/#website\",\"url\":\"https:\\\/\\\/ivy-bet.com\\\/de\\\/\",\"name\":\"Ivybet\",\"description\":\"\",\"publisher\":{\"@id\":\"https:\\\/\\\/ivy-bet.com\\\/de\\\/#organization\"},\"potentialAction\":[{\"@type\":\"SearchAction\",\"target\":{\"@type\":\"EntryPoint\",\"urlTemplate\":\"https:\\\/\\\/ivy-bet.com\\\/de\\\/?s={search_term_string}\"},\"query-input\":{\"@type\":\"PropertyValueSpecification\",\"valueRequired\":true,\"valueName\":\"search_term_string\"}}],\"inLanguage\":\"de\"},{\"@type\":\"Organization\",\"@id\":\"https:\\\/\\\/ivy-bet.com\\\/de\\\/#organization\",\"name\":\"Ivybet\",\"url\":\"https:\\\/\\\/ivy-bet.com\\\/de\\\/\",\"logo\":{\"@type\":\"ImageObject\",\"inLanguage\":\"de\",\"@id\":\"https:\\\/\\\/ivy-bet.com\\\/de\\\/#\\\/schema\\\/logo\\\/image\\\/\",\"url\":\"https:\\\/\\\/ivy-bet.com\\\/wp-content\\\/uploads\\\/2025\\\/03\\\/B2Gn2x7AGDezQSaRHeDu.svg\",\"contentUrl\":\"https:\\\/\\\/ivy-bet.com\\\/wp-content\\\/uploads\\\/2025\\\/03\\\/B2Gn2x7AGDezQSaRHeDu.svg\",\"width\":70,\"height\":25,\"caption\":\"Ivybet\"},\"image\":{\"@id\":\"https:\\\/\\\/ivy-bet.com\\\/de\\\/#\\\/schema\\\/logo\\\/image\\\/\"}}]}<\/script>\n<!-- \/ Yoast SEO plugin. -->","yoast_head_json":{"title":"IvyBet App \u2013 Mobiles Casino f\u00fcr Android, iOS, Windows & Mac","description":"Laden Sie die IvyBet App f\u00fcr Android oder iOS herunter und \u00f6ffnen Sie sie unter Windows oder macOS. Spielen Sie die besten Online-Casinospiele auf Ihrem Smartphone, Tablet oder Computer im IvyBet Casino \u2013 egal wo Sie sind!","robots":{"index":"index","follow":"follow","max-snippet":"max-snippet:-1","max-image-preview":"max-image-preview:large","max-video-preview":"max-video-preview:-1"},"canonical":"https:\/\/ivy-bet.com\/de\/app\/","og_locale":"de_DE","og_type":"article","og_title":"IvyBet App \u2013 Mobiles Casino f\u00fcr Android, iOS, Windows & Mac","og_description":"Laden Sie die IvyBet App f\u00fcr Android oder iOS herunter und \u00f6ffnen Sie sie unter Windows oder macOS. Spielen Sie die besten Online-Casinospiele auf Ihrem Smartphone, Tablet oder Computer im IvyBet Casino \u2013 egal wo Sie sind!","og_url":"https:\/\/ivy-bet.com\/de\/app\/","og_site_name":"ivybet","article_modified_time":"2025-12-17T08:20:39+00:00","twitter_card":"summary_large_image","twitter_misc":{"Gesch\u00e4tzte Lesezeit":"2\u00a0Minuten"},"schema":{"@context":"https:\/\/schema.org","@graph":[{"@type":"WebPage","@id":"https:\/\/ivy-bet.com\/de\/app\/","url":"https:\/\/ivy-bet.com\/de\/app\/","name":"IvyBet App \u2013 Mobiles Casino f\u00fcr Android, iOS, Windows & Mac","isPartOf":{"@id":"https:\/\/ivy-bet.com\/de\/#website"},"datePublished":"2025-12-16T14:58:32+00:00","dateModified":"2025-12-17T08:20:39+00:00","description":"Laden Sie die IvyBet App f\u00fcr Android oder iOS herunter und \u00f6ffnen Sie sie unter Windows oder macOS. Spielen Sie die besten Online-Casinospiele auf Ihrem Smartphone, Tablet oder Computer im IvyBet Casino \u2013 egal wo Sie sind!","breadcrumb":{"@id":"https:\/\/ivy-bet.com\/de\/app\/#breadcrumb"},"inLanguage":"de","potentialAction":[{"@type":"ReadAction","target":["https:\/\/ivy-bet.com\/de\/app\/"]}]},{"@type":"BreadcrumbList","@id":"https:\/\/ivy-bet.com\/de\/app\/#breadcrumb","itemListElement":[{"@type":"ListItem","position":1,"name":"Ivybet","item":"https:\/\/ivy-bet.com\/de\/"},{"@type":"ListItem","position":2,"name":"App"}]},{"@type":"WebSite","@id":"https:\/\/ivy-bet.com\/de\/#website","url":"https:\/\/ivy-bet.com\/de\/","name":"Ivybet","description":"","publisher":{"@id":"https:\/\/ivy-bet.com\/de\/#organization"},"potentialAction":[{"@type":"SearchAction","target":{"@type":"EntryPoint","urlTemplate":"https:\/\/ivy-bet.com\/de\/?s={search_term_string}"},"query-input":{"@type":"PropertyValueSpecification","valueRequired":true,"valueName":"search_term_string"}}],"inLanguage":"de"},{"@type":"Organization","@id":"https:\/\/ivy-bet.com\/de\/#organization","name":"Ivybet","url":"https:\/\/ivy-bet.com\/de\/","logo":{"@type":"ImageObject","inLanguage":"de","@id":"https:\/\/ivy-bet.com\/de\/#\/schema\/logo\/image\/","url":"https:\/\/ivy-bet.com\/wp-content\/uploads\/2025\/03\/B2Gn2x7AGDezQSaRHeDu.svg","contentUrl":"https:\/\/ivy-bet.com\/wp-content\/uploads\/2025\/03\/B2Gn2x7AGDezQSaRHeDu.svg","width":70,"height":25,"caption":"Ivybet"},"image":{"@id":"https:\/\/ivy-bet.com\/de\/#\/schema\/logo\/image\/"}}]}},"_links":{"self":[{"href":"https:\/\/ivy-bet.com\/de\/wp-json\/wp\/v2\/pages\/1415","targetHints":{"allow":["GET"]}}],"collection":[{"href":"https:\/\/ivy-bet.com\/de\/wp-json\/wp\/v2\/pages"}],"about":[{"href":"https:\/\/ivy-bet.com\/de\/wp-json\/wp\/v2\/types\/page"}],"author":[{"embeddable":true,"href":"https:\/\/ivy-bet.com\/de\/wp-json\/wp\/v2\/users\/1"}],"replies":[{"embeddable":true,"href":"https:\/\/ivy-bet.com\/de\/wp-json\/wp\/v2\/comments?post=1415"}],"version-history":[{"count":2,"href":"https:\/\/ivy-bet.com\/de\/wp-json\/wp\/v2\/pages\/1415\/revisions"}],"predecessor-version":[{"id":1530,"href":"https:\/\/ivy-bet.com\/de\/wp-json\/wp\/v2\/pages\/1415\/revisions\/1530"}],"wp:attachment":[{"href":"https:\/\/ivy-bet.com\/de\/wp-json\/wp\/v2\/media?parent=1415"}],"curies":[{"name":"wp","href":"https:\/\/api.w.org\/{rel}","templated":true}]}}