{"id":1425,"date":"2025-12-16T14:58:32","date_gmt":"2025-12-16T14:58:32","guid":{"rendered":"https:\/\/ivy-bet.com\/app\/"},"modified":"2025-12-17T10:33:29","modified_gmt":"2025-12-17T10:33:29","slug":"aplicacion","status":"publish","type":"page","link":"https:\/\/ivy-bet.com\/es\/aplicacion\/","title":{"rendered":"Aplicaci\u00f3n"},"content":{"rendered":"<h1>Aplicaci\u00f3n IvyBet<\/h1>\n<p>Juega sobre la marcha con la IvyBet App, una revolucionaria aplicaci\u00f3n m\u00f3vil. Nuestro avanzado software de juego, desarrollado por nosotros mismos, te ofrece una experiencia de casino completa al alcance de tu mano, permiti\u00e9ndote jugar a una amplia selecci\u00f3n de tus juegos favoritos donde quieras y cuando quieras, sin comprometer la calidad ni las funciones. Con solo un par de clics en tu smartphone, tableta, ordenador de sobremesa o port\u00e1til, la aplicaci\u00f3n IvyBet te ofrece una experiencia de juego fluida y emocionante, est\u00e9s donde est\u00e9s, de viaje o en casa, en cualquier lugar del pa\u00eds.<\/p>\n<p>Nuestras caracter\u00edsticas distintivas, como los impresionantes gr\u00e1ficos, los efectos de sonido envolventes, los controles fluidos y la extraordinaria variedad de juegos, se ajustan profesionalmente al tama\u00f1o de la pantalla y a las posibilidades t\u00e9cnicas de tu dispositivo m\u00f3vil. La aplicaci\u00f3n Ivy Bet es el paradigma de la simplicidad y la superioridad de los juegos para m\u00f3viles, y se actualiza peri\u00f3dicamente.<\/p>\n<div class=\"banner-wrap\" aria-label=\"Banner\"><img src=\"https:\/\/ivy-bet.com\/wp-content\/uploads\/2025\/12\/Desktop-2.webp\" class=\"w-100 d-none d-lg-block img-pc main-banner-img\" alt=\"Ivybet desktop banner\" fetchpriority=\"high\" decoding=\"async\"><img src=\"https:\/\/ivy-bet.com\/wp-content\/uploads\/2025\/12\/1_1-2.webp\" class=\"w-100 d-none d-md-block d-lg-none main-banner-img\" alt=\"Ivybet mobile banner\" fetchpriority=\"high\" decoding=\"async\"><img src=\"https:\/\/ivy-bet.com\/wp-content\/uploads\/2025\/12\/1_1-2.webp\" class=\"w-100 d-md-none\" alt=\"Ivybet mobile banner\" fetchpriority=\"high\" decoding=\"async\"><div class=\"banner-description\">\n<div class=\"banner-title\">Bonos de bienvenida<\/div>\n<p class=\"banner-header-title\">\u20ac1,500<\/p>\n<div class=\"banner-header-AdditionalText\">+ 250 giros gratis<\/div>\n<button data-item=\"homepage_banner_link\" class=\"goto m-button m-gradient-border m-button--primary m-button--large banner-button btn-orange\">\n            <div class=\"m-button-content\">\n                <span>Reg\u00edstrese ahora<\/span>\n                <span><\/span>\n            <\/div>\n        <\/button>\n<\/div>\n<div class=\"WelcomePack\">\n<p><img loading=\"lazy\" decoding=\"async\" class=\"alignnone size-full wp-image-1372\" src=\"https:\/\/ivy-bet.com\/wp-content\/uploads\/2025\/12\/welcome-crown.svg\" alt=\"crown\" width=\"25\" height=\"26\" \/><\/p>\n<div class=\"WelcomePack-Info\">Reembolso semanal de hasta el 25 %<\/div>\n<p><img loading=\"lazy\" decoding=\"async\" class=\"alignnone size-full wp-image-1372\" src=\"https:\/\/ivy-bet.com\/wp-content\/uploads\/2025\/12\/welcome-crown.svg\" alt=\"crown\" width=\"25\" height=\"26\" \/><\/p>\n<\/div>\n<\/div>\n<h2>Caracter\u00edsticas principales<\/h2>\n<p>Las caracter\u00edsticas especiales de la aplicaci\u00f3n Ivy Bet diversificar\u00e1n tu experiencia de usuario:<\/p>\n<table>\n<tbody>\n<tr>\n<td>Amplia selecci\u00f3n de juegos<\/td>\n<td>Hay m\u00e1s de 6000 juegos de mesa entre los que elegir, incluyendo tragaperras, blackjack, p\u00f3quer, ruleta y otros juegos de casino de altas apuestas con crupieres en vivo.<\/td>\n<\/tr>\n<tr>\n<td>Generosas bonificaciones y promociones<\/td>\n<td>Recibe grandes bonos de bienvenida, giros gratis peri\u00f3dicos, promociones especiales solo para m\u00f3viles y entretenidos torneos que siempre cuentan con grandes premios.<\/td>\n<\/tr>\n<tr>\n<td>\nInterfaz moderna<\/td>\n<td>Su interfaz limpia facilitar\u00e1 a los novatos en los casinos encontrar sus juegos favoritos y gestionar su cuenta y sus transacciones.<\/td>\n<\/tr>\n<tr>\n<td>Seguridad de primer nivel<\/td>\n<td>Un alto nivel de encriptaci\u00f3n, canales de pago seguros y controles de seguridad peri\u00f3dicos garantizan el m\u00e1ximo nivel de seguridad en el \u00e1mbito digital o de Internet, protegiendo sus datos personales y financieros.<\/td>\n<\/tr>\n<tr>\n<td>Accesibilidad multiplataforma<\/td>\n<td>La sincronizaci\u00f3n fluida te permite jugar en dispositivos Android, iOS, Windows y macOS sin perder el progreso ni la configuraci\u00f3n.<\/td>\n<\/tr>\n<tr>\n<td>\nAtenci\u00f3n al cliente 24 horas al d\u00eda, 7 d\u00edas a la semana<\/td>\n<td>Ofrecemos asistencia de calidad las 24 horas del d\u00eda. Puede ponerse en contacto con nosotros por correo electr\u00f3nico o chat en vivo, y nuestros agentes le atender\u00e1n lo antes posible.<\/td>\n<\/tr>\n<\/tbody>\n<\/table>\n<p><div class=\"scrollable-content-wrap my-5\"><div class=\"scrollable-content-inner\"><h2>IvyBet Casino APK (Android)<\/h2>\n<p>Disfrutar de la experiencia completa de Ivy Bet casino online en tu dispositivo Android es muy sencillo y solo te llevar\u00e1 unos minutos. Nuestra versi\u00f3n personalizada de IvyBet APK te permite jugar en nuestra plataforma de casino premium aunque no est\u00e9 disponible en tu Google Play Store local.<\/p>\n<p>El procedimiento de instalaci\u00f3n del APK se ha simplificado para cumplir con los requisitos de seguridad m\u00e1s exigentes. Optimizamos nuestra aplicaci\u00f3n para Android tanto para dispositivos econ\u00f3micos como para modelos premium con el fin de reducir el almacenamiento y maximizar el rendimiento.<\/p>\n<p>Para instalar la APK de Ivy Bet en tu dispositivo Android, solo tienes que seguir estas instrucciones paso a paso:<\/p>\n<ol>\n<li>Escribe la URL o busca el sitio web de IvyBet Casino en el navegador m\u00f3vil que prefieras (Chrome, Firefox, Samsung Internet o cualquier otro navegador) para ver el sitio web oficial. Para evitar el phishing, comprueba la URL y el certificado de seguridad para confirmar que est\u00e1s en nuestro sitio web.<\/li>\n<li>Pulsa el bot\u00f3n \u00abAplicaci\u00f3n del casino\u00bb en la p\u00e1gina de inicio para acceder a la secci\u00f3n m\u00f3vil de nuestro sitio web.<\/li>\n<li>En la p\u00e1gina de aplicaciones m\u00f3viles, pulsa el bot\u00f3n \u00abInstalar\u00bb. Esto iniciar\u00e1 la descarga de nuestra \u00faltima versi\u00f3n APK.<\/li>\n<li>Habilita las instalaciones que no sean de Google Play Store antes de instalar. En la seguridad del dispositivo, habilita \u00abInstalar desde fuentes desconocidas\u00bb.<\/li>\n<li>Una vez finalizada la instalaci\u00f3n, recibir\u00e1s una notificaci\u00f3n. Si la configuraci\u00f3n de tu dispositivo lo permite, el icono de IvyBet Casino aparecer\u00e1 en tu pantalla de inicio.<\/li>\n<\/ol>\n<p>Inicie la aplicaci\u00f3n pulsando su icono, inicie sesi\u00f3n en su cuenta de Ivy Bet Casino con su nombre de usuario\/correo electr\u00f3nico y contrase\u00f1a, o reg\u00edstrese si es nuevo. El registro m\u00f3vil es sencillo y solo requiere informaci\u00f3n b\u00e1sica para empezar.<\/p>\n<p>Al iniciar sesi\u00f3n, puedes configurar tus preferencias de notificaciones, visualizaci\u00f3n y seguridad de la cuenta mediante el men\u00fa de configuraci\u00f3n.<\/p>\n<p>El APK se actualiza peri\u00f3dicamente con mejoras de rendimiento, mejoras de seguridad y nuevas funciones, y las notificaciones de actualizaci\u00f3n se env\u00edan directamente a trav\u00e9s de la aplicaci\u00f3n para garantizar que siempre disfrutes de la \u00faltima versi\u00f3n con todas las mejoras y optimizaciones disponibles.<\/p>\n<p>Nuestro equipo de desarrollo est\u00e1 compuesto por especialistas en Android que perfeccionan continuamente la aplicaci\u00f3n para aprovechar las \u00faltimas funciones de Android, al tiempo que garantizan la compatibilidad con dispositivos m\u00e1s antiguos.<\/p>\n<p><img loading=\"lazy\" decoding=\"async\" src=\"https:\/\/ivy-bet.com\/wp-content\/uploads\/2025\/12\/Ivybet-iOS-App.webp\" alt=\"Ivybet iOS App\" width=\"1248\" height=\"536\" \/><\/p>\n<\/div><\/div><div style=\"clear: both\"><\/div><div class=\"d-flex justify-content-center\"><button data-item=\"decouvrez_link\" data-group=\"website_links\" class=\"goto fw-bold rounded-pill btn btn-orange\" aria-label=\"Descarga la aplicaci\u00f3n Ivybet\" >Descarga la aplicaci\u00f3n Ivybet<\/button><\/div><div class=\"scrollable-content-wrap my-5\"><div class=\"scrollable-content-inner\"><h2>Aplicaci\u00f3n IvyBet Casino para tu dispositivo iOS<\/h2>\n<p>Los clientes de Apple ahora disfrutan de la experiencia premium de IvyBet en sus iPhones y iPads con nuestra app para iOS, dise\u00f1ada a la medida de los exigentes requisitos de dise\u00f1o y calidad de Apple. Utiliza funciones y optimizaciones exclusivas de iOS para proporcionar transiciones fluidas en el juego en l\u00ednea y unos impresionantes gr\u00e1ficos de alta resoluci\u00f3n que se adaptan perfectamente a las pantallas de Apple. Mantenemos la aplicaci\u00f3n para que, con los principales lanzamientos de iOS, nuestro equipo la actualice en cuesti\u00f3n de d\u00edas para mantener la compatibilidad y aprovechar las nuevas capacidades del sistema.<\/p>\n<p>Instala la aplicaci\u00f3n IvyBet y podr\u00e1s empezar a apostar desde tu m\u00f3vil siguiendo estos pasos:<\/p>\n<ol>\n<li>Toca el icono de App Store en tu biblioteca de aplicaciones en la pantalla de inicio despu\u00e9s de desbloquear tu iPad o iPhone. Todas las aplicaciones de la App Store de Apple han sido revisadas para garantizar su seguridad y el cumplimiento de los rigurosos criterios de desarrollo de Apple.<\/li>\n<li>Despu\u00e9s de abrir la App Store, pulsa el icono de b\u00fasqueda (lupa) en la barra de navegaci\u00f3n inferior y escribe \u00abIvy Bet Casino\u00bb en el campo de b\u00fasqueda superior. La ortograf\u00eda debe ser precisa para obtener resultados exactos.<\/li>\n<li>El bot\u00f3n \u00abObtener\u00bb situado junto al nombre del programa inicia el proceso de instalaci\u00f3n. Si est\u00e1 reinstalando el programa, es posible que vea un icono de nube con una flecha hacia abajo en lugar de \u00abObtener\u00bb.<\/li>\n<li>Autentifica la solicitud de descarga utilizando Face ID en dispositivos nuevos, Touch ID en dispositivos con bot\u00f3n de inicio o tu contrase\u00f1a de Apple ID. Esta medida de seguridad limita las instalaciones a usuarios espa\u00f1oles autorizados.<\/li>\n<li>Una vez instalada, ver\u00e1s el bot\u00f3n \u00abAbrir\u00bb. Para abrir la aplicaci\u00f3n, pulsa sobre \u00e9l; de lo contrario, volver\u00e1s a la pantalla de inicio, donde aparecer\u00e1 el nuevo icono de IvyBet Casino.<\/li>\n<li>Por \u00faltimo, inicia sesi\u00f3n con tus datos de Ivy Bet Casino o selecciona la opci\u00f3n de registrar una nueva cuenta siguiendo unos sencillos pasos. El procedimiento de registro en iOS est\u00e1 optimizado para la entrada t\u00e1ctil y requiere una informaci\u00f3n m\u00ednima para que puedas empezar a jugar inmediatamente.<\/li>\n<\/ol>\n<p>Nuestro software para iOS se actualiza con frecuencia a trav\u00e9s de la App Store para incluir nuevas funciones de iOS, correcciones de seguridad, t\u00edtulos de juegos y mejorar la estabilidad del rendimiento. Estas actualizaciones se prueban rigurosamente en todos los dispositivos Apple compatibles, desde los iPhone m\u00e1s antiguos hasta los \u00faltimos modelos de iPad Pro, para proporcionar una experiencia de juego consistente y segura.<\/p>\n<p>Nuestra aplicaci\u00f3n identifica y se adapta de forma inteligente a diferentes tama\u00f1os y capacidades de pantalla. Ofrece una experiencia totalmente inmersiva y ergon\u00f3mica, ajustando autom\u00e1ticamente el tama\u00f1o de los dise\u00f1os, la ubicaci\u00f3n de los controles y los elementos visuales para adaptarse a tu dispositivo. El rendimiento optimizado permite una experiencia de juego fluida en dispositivos iOS m\u00e1s antiguos, mientras que las opciones gr\u00e1ficas se ajustan autom\u00e1ticamente seg\u00fan tu dispositivo.<\/p>\n<p><img loading=\"lazy\" decoding=\"async\" src=\"https:\/\/ivy-bet.com\/wp-content\/uploads\/2025\/12\/Ivybet-Android-App.webp\" alt=\"Ivybet Android App\" width=\"1248\" height=\"536\" \/><\/p>\n<\/div><\/div><div style=\"clear: both\"><\/div><div class=\"d-flex justify-content-center\"><button data-item=\"decouvrez_link\" data-group=\"website_links\" class=\"goto fw-bold rounded-pill btn btn-orange\" aria-label=\"Descargar Ivybet\" >Descargar Ivybet<\/button><\/div><div class=\"scrollable-content-wrap my-5\"><div class=\"scrollable-content-inner\"><h2>Aplicaci\u00f3n IvyBet Casino para Windows\/macOS<\/h2>\n<p>Hemos incluido a los usuarios de ordenadores de sobremesa en nuestro esfuerzo por hacer que los juegos sean accesibles en todas las plataformas. Muchos casinos online limitan las opciones m\u00f3viles, pero la aplicaci\u00f3n Ivy Bet Casino optimiza Windows y macOS.<\/p>\n<p>Los usuarios de Windows y macOS tienen dos opciones muy pr\u00e1cticas:<\/p>\n<h3>Acceso basado en navegador<\/h3>\n<p>La forma m\u00e1s f\u00e1cil no requiere descargas. Visita el sitio web oficial de Ivy Bet Casino en Chrome, Safari, Firefox o Edge. Nuestro dise\u00f1o adaptativo se ajusta al tama\u00f1o y la calidad de tu pantalla para ofrecerte una experiencia fluida, como si se tratara de una aplicaci\u00f3n dedicada. Este enfoque desbloquea todos los juegos, funciones de la cuenta y bonificaciones.<\/p>\n<h3>Aplicaci\u00f3n de escritorio<\/h3>\n<p>Ofrecemos un software ligero para ordenadores de escritorio con Windows y macOS que proporciona una experiencia m\u00e1s integrada. Esta aplicaci\u00f3n ofrece:<\/p>\n<ul>\n<li>Acceso m\u00e1s r\u00e1pido sin necesidad de un navegador<\/li>\n<li>Optimizaci\u00f3n del rendimiento espec\u00edfico del sistema operativo<\/li>\n<li>Notificaciones de escritorio sobre bonificaciones y promociones<\/li>\n<li>Menor uso de recursos que el juego basado en navegador.<\/li>\n<\/ul>\n<p>Selecciona tu sistema operativo en nuestra secci\u00f3n \u00abAplicaci\u00f3n del casino\u00bb para obtener la aplicaci\u00f3n de escritorio. La instalaci\u00f3n es f\u00e1cil y supervisada, y solo lleva unos minutos.<\/p>\n<p><img loading=\"lazy\" decoding=\"async\" src=\"https:\/\/ivy-bet.com\/wp-content\/uploads\/2025\/12\/Ivybet-Desktop.webp\" alt=\"Ivybet Desktop\" width=\"1248\" height=\"536\" \/><\/p>\n<\/div><\/div><div style=\"clear: both\"><\/div><div class=\"d-flex justify-content-center\"><button data-item=\"decouvrez_link\" data-group=\"website_links\" class=\"goto fw-bold rounded-pill btn btn-orange\" aria-label=\"Descarga la aplicaci\u00f3n Ivybet\" >Descarga la aplicaci\u00f3n Ivybet<\/button><\/div><div class=\"scrollable-content-wrap my-5\"><div class=\"scrollable-content-inner\"><h2>Preguntas frecuentes<\/h2>\n<h3>\u00bfHay servicio de atenci\u00f3n al cliente disponible a trav\u00e9s de la aplicaci\u00f3n IvyBet Casino?<\/h3>\n<p>S\u00ed, nuestro servicio de atenci\u00f3n al cliente est\u00e1 disponible a trav\u00e9s de la aplicaci\u00f3n IvyBet. Nuestro equipo de ayuda est\u00e1 disponible las 24 horas del d\u00eda, los 7 d\u00edas de la semana, a trav\u00e9s del chat en vivo, pulsando el s\u00edmbolo de asistencia. Para preguntas m\u00e1s complejas, nuestro equipo de asistencia por correo electr\u00f3nico responde en un plazo de 1 a 2 horas. Al igual que nuestra plataforma de escritorio, todas las opciones de asistencia ofrecen una ayuda de alta calidad.<\/p>\n<h3>\u00bfExiste una aplicaci\u00f3n de IvyBet Casino para Windows y macOS?<\/h3>\n<p>S\u00ed, IvyBet tiene un cliente de escritorio basado en navegador y para Windows\/macOS. El software de escritorio acelera la carga, muestra promociones y optimiza el rendimiento para tu sistema operativo. Es un software ligero que ofrece la experiencia completa de casino sin necesidad de un navegador.<\/p>\n<h3>\u00bfNecesito una cuenta para utilizar la aplicaci\u00f3n IvyBet Casino?<\/h3>\n<p>Para utilizar la aplicaci\u00f3n Ivy Bet es necesario disponer de una cuenta que permita acceder a todas sus funciones. Los nuevos usuarios pueden crear una cuenta con solo unos clics, sin necesidad de proporcionar mucha informaci\u00f3n ni pasar por procesos de verificaci\u00f3n. Los usuarios actuales pueden iniciar sesi\u00f3n con sus credenciales. Las cuentas son necesarias para supervisar el progreso en el juego, controlar el dinero y obtener incentivos personalizados.<\/p>\n<h3>\u00bfPuedo jugar a juegos de casino en vivo en la aplicaci\u00f3n IvyBet Casino?<\/h3>\n<p>En HD, la aplicaci\u00f3n m\u00f3vil Ivy Bet Casino cuenta con una opci\u00f3n de casino en vivo, atendida por crupieres experimentados. Se puede jugar al blackjack, la ruleta, el baccarat y el p\u00f3quer en tiempo real. El casino en vivo m\u00f3vil ofrece una versi\u00f3n minimizada del casino en vivo, optimizada para dispositivos de navegaci\u00f3n m\u00e1s peque\u00f1os, sin comprometer la claridad de la imagen ni la fluidez del juego en las redes 4G. \u00a1Y no te olvides de buscar el paquete de bienvenida! \u00a1Ahora es de hasta 1500 \u20ac + 250 tiradas gratis!<\/p>\n<h3>\u00bfTodos los juegos est\u00e1n disponibles en la aplicaci\u00f3n?<\/h3>\n<p>Casi todos los juegos de IvyBet est\u00e1n disponibles en la aplicaci\u00f3n m\u00f3vil. Aproximadamente el 95 % de nuestros m\u00e1s de 6000 juegos son compatibles con dispositivos m\u00f3viles y est\u00e1n sincronizados entre plataformas. Las pocas excepciones son juegos antiguos que no est\u00e1n optimizados para dispositivos m\u00f3viles. Los nuevos lanzamientos se publican simult\u00e1neamente en ordenadores de sobremesa y dispositivos m\u00f3viles, y son compatibles entre plataformas.<\/p>\n<h3>\u00bfC\u00f3mo actualizar la aplicaci\u00f3n IvyBet Casino?<\/h3>\n<p>Las actualizaciones de la aplicaci\u00f3n IvyBet son necesarias por motivos de seguridad y para disfrutar de nuevas funciones. Si las actualizaciones autom\u00e1ticas est\u00e1n habilitadas, la App Store se encarga de las actualizaciones de iOS. Consulte el \u00e1rea de actualizaciones de la App Store para realizar actualizaciones manuales. Los usuarios de Android pueden buscar actualizaciones en la configuraci\u00f3n de la aplicaci\u00f3n o recibir alertas. Para tener siempre la versi\u00f3n m\u00e1s reciente, habilite las actualizaciones autom\u00e1ticas.<\/p>\n<h3>\u00bfC\u00f3mo retirar ganancias a trav\u00e9s de la aplicaci\u00f3n IvyBet?<\/h3>\n<p>La aplicaci\u00f3n IvyBet Casino permite realizar retiradas de ganancias de forma r\u00e1pida y segura. Vaya a \u00abDep\u00f3sito\u00bb, haga clic en \u00abRetirar\u00bb, elija su m\u00e9todo de pago (monederos electr\u00f3nicos, transferencias bancarias, criptomonedas), introduzca la cantidad y confirme. Las primeras retiradas pueden requerir verificaci\u00f3n. Los monederos electr\u00f3nicos se procesan en unas 24 horas, mientras que las transferencias bancarias tardan entre 2 y 5 d\u00edas laborables.<\/p>\n<\/div><\/div><\/p>\n","protected":false},"excerpt":{"rendered":"<p>Aplicaci\u00f3n IvyBet Juega sobre la marcha con la IvyBet App, una revolucionaria aplicaci\u00f3n m\u00f3vil. Nuestro avanzado software de juego, desarrollado por nosotros mismos, te ofrece una experiencia de casino completa al alcance de tu mano, permiti\u00e9ndote jugar a una amplia selecci\u00f3n de tus juegos favoritos donde quieras y cuando quieras, sin comprometer la calidad ni [&hellip;]<\/p>\n","protected":false},"author":1,"featured_media":0,"parent":0,"menu_order":0,"comment_status":"closed","ping_status":"closed","template":"template-builder.php","meta":{"_acf_changed":false,"inline_featured_image":false,"footnotes":""},"class_list":["post-1425","page","type-page","status-publish","hentry"],"acf":[],"yoast_head":"<!-- This site is optimized with the Yoast SEO plugin v27.3 - https:\/\/yoast.com\/product\/yoast-seo-wordpress\/ -->\n<title>IvyBet App: casino m\u00f3vil para Android, iOS, Windows y Mac<\/title>\n<meta name=\"description\" content=\"Descarga la IvyBet App para Android o iOS y \u00e1brela en Windows o Mac OS. \u00a1Juega a los mejores juegos de casino online en tu tel\u00e9fono, tableta u ordenador en IvyBet Casino, est\u00e9s donde est\u00e9s!\" \/>\n<meta name=\"robots\" content=\"index, follow, max-snippet:-1, max-image-preview:large, max-video-preview:-1\" \/>\n<link rel=\"canonical\" href=\"https:\/\/ivy-bet.com\/es\/aplicacion\/\" \/>\n<meta property=\"og:locale\" content=\"es_ES\" \/>\n<meta property=\"og:type\" content=\"article\" \/>\n<meta property=\"og:title\" content=\"IvyBet App: casino m\u00f3vil para Android, iOS, Windows y Mac\" \/>\n<meta property=\"og:description\" content=\"Descarga la IvyBet App para Android o iOS y \u00e1brela en Windows o Mac OS. \u00a1Juega a los mejores juegos de casino online en tu tel\u00e9fono, tableta u ordenador en IvyBet Casino, est\u00e9s donde est\u00e9s!\" \/>\n<meta property=\"og:url\" content=\"https:\/\/ivy-bet.com\/es\/aplicacion\/\" \/>\n<meta property=\"og:site_name\" content=\"ivybet\" \/>\n<meta property=\"article:modified_time\" content=\"2025-12-17T10:33:29+00:00\" \/>\n<meta name=\"twitter:card\" content=\"summary_large_image\" \/>\n<meta name=\"twitter:label1\" content=\"Est. reading time\" \/>\n\t<meta name=\"twitter:data1\" content=\"2 minutes\" \/>\n<script type=\"application\/ld+json\" class=\"yoast-schema-graph\">{\"@context\":\"https:\\\/\\\/schema.org\",\"@graph\":[{\"@type\":\"WebPage\",\"@id\":\"https:\\\/\\\/ivy-bet.com\\\/es\\\/aplicacion\\\/\",\"url\":\"https:\\\/\\\/ivy-bet.com\\\/es\\\/aplicacion\\\/\",\"name\":\"IvyBet App: casino m\u00f3vil para Android, iOS, Windows y Mac\",\"isPartOf\":{\"@id\":\"https:\\\/\\\/ivy-bet.com\\\/es\\\/#website\"},\"datePublished\":\"2025-12-16T14:58:32+00:00\",\"dateModified\":\"2025-12-17T10:33:29+00:00\",\"description\":\"Descarga la IvyBet App para Android o iOS y \u00e1brela en Windows o Mac OS. \u00a1Juega a los mejores juegos de casino online en tu tel\u00e9fono, tableta u ordenador en IvyBet Casino, est\u00e9s donde est\u00e9s!\",\"breadcrumb\":{\"@id\":\"https:\\\/\\\/ivy-bet.com\\\/es\\\/aplicacion\\\/#breadcrumb\"},\"inLanguage\":\"es-ES\",\"potentialAction\":[{\"@type\":\"ReadAction\",\"target\":[\"https:\\\/\\\/ivy-bet.com\\\/es\\\/aplicacion\\\/\"]}]},{\"@type\":\"BreadcrumbList\",\"@id\":\"https:\\\/\\\/ivy-bet.com\\\/es\\\/aplicacion\\\/#breadcrumb\",\"itemListElement\":[{\"@type\":\"ListItem\",\"position\":1,\"name\":\"Ivybet\",\"item\":\"https:\\\/\\\/ivy-bet.com\\\/es\\\/\"},{\"@type\":\"ListItem\",\"position\":2,\"name\":\"Aplicaci\u00f3n\"}]},{\"@type\":\"WebSite\",\"@id\":\"https:\\\/\\\/ivy-bet.com\\\/es\\\/#website\",\"url\":\"https:\\\/\\\/ivy-bet.com\\\/es\\\/\",\"name\":\"Ivybet\",\"description\":\"\",\"publisher\":{\"@id\":\"https:\\\/\\\/ivy-bet.com\\\/es\\\/#organization\"},\"potentialAction\":[{\"@type\":\"SearchAction\",\"target\":{\"@type\":\"EntryPoint\",\"urlTemplate\":\"https:\\\/\\\/ivy-bet.com\\\/es\\\/?s={search_term_string}\"},\"query-input\":{\"@type\":\"PropertyValueSpecification\",\"valueRequired\":true,\"valueName\":\"search_term_string\"}}],\"inLanguage\":\"es-ES\"},{\"@type\":\"Organization\",\"@id\":\"https:\\\/\\\/ivy-bet.com\\\/es\\\/#organization\",\"name\":\"Ivybet\",\"url\":\"https:\\\/\\\/ivy-bet.com\\\/es\\\/\",\"logo\":{\"@type\":\"ImageObject\",\"inLanguage\":\"es-ES\",\"@id\":\"https:\\\/\\\/ivy-bet.com\\\/es\\\/#\\\/schema\\\/logo\\\/image\\\/\",\"url\":\"https:\\\/\\\/ivy-bet.com\\\/wp-content\\\/uploads\\\/2025\\\/03\\\/B2Gn2x7AGDezQSaRHeDu.svg\",\"contentUrl\":\"https:\\\/\\\/ivy-bet.com\\\/wp-content\\\/uploads\\\/2025\\\/03\\\/B2Gn2x7AGDezQSaRHeDu.svg\",\"width\":70,\"height\":25,\"caption\":\"Ivybet\"},\"image\":{\"@id\":\"https:\\\/\\\/ivy-bet.com\\\/es\\\/#\\\/schema\\\/logo\\\/image\\\/\"}}]}<\/script>\n<!-- \/ Yoast SEO plugin. -->","yoast_head_json":{"title":"IvyBet App: casino m\u00f3vil para Android, iOS, Windows y Mac","description":"Descarga la IvyBet App para Android o iOS y \u00e1brela en Windows o Mac OS. \u00a1Juega a los mejores juegos de casino online en tu tel\u00e9fono, tableta u ordenador en IvyBet Casino, est\u00e9s donde est\u00e9s!","robots":{"index":"index","follow":"follow","max-snippet":"max-snippet:-1","max-image-preview":"max-image-preview:large","max-video-preview":"max-video-preview:-1"},"canonical":"https:\/\/ivy-bet.com\/es\/aplicacion\/","og_locale":"es_ES","og_type":"article","og_title":"IvyBet App: casino m\u00f3vil para Android, iOS, Windows y Mac","og_description":"Descarga la IvyBet App para Android o iOS y \u00e1brela en Windows o Mac OS. \u00a1Juega a los mejores juegos de casino online en tu tel\u00e9fono, tableta u ordenador en IvyBet Casino, est\u00e9s donde est\u00e9s!","og_url":"https:\/\/ivy-bet.com\/es\/aplicacion\/","og_site_name":"ivybet","article_modified_time":"2025-12-17T10:33:29+00:00","twitter_card":"summary_large_image","twitter_misc":{"Est. reading time":"2 minutes"},"schema":{"@context":"https:\/\/schema.org","@graph":[{"@type":"WebPage","@id":"https:\/\/ivy-bet.com\/es\/aplicacion\/","url":"https:\/\/ivy-bet.com\/es\/aplicacion\/","name":"IvyBet App: casino m\u00f3vil para Android, iOS, Windows y Mac","isPartOf":{"@id":"https:\/\/ivy-bet.com\/es\/#website"},"datePublished":"2025-12-16T14:58:32+00:00","dateModified":"2025-12-17T10:33:29+00:00","description":"Descarga la IvyBet App para Android o iOS y \u00e1brela en Windows o Mac OS. \u00a1Juega a los mejores juegos de casino online en tu tel\u00e9fono, tableta u ordenador en IvyBet Casino, est\u00e9s donde est\u00e9s!","breadcrumb":{"@id":"https:\/\/ivy-bet.com\/es\/aplicacion\/#breadcrumb"},"inLanguage":"es-ES","potentialAction":[{"@type":"ReadAction","target":["https:\/\/ivy-bet.com\/es\/aplicacion\/"]}]},{"@type":"BreadcrumbList","@id":"https:\/\/ivy-bet.com\/es\/aplicacion\/#breadcrumb","itemListElement":[{"@type":"ListItem","position":1,"name":"Ivybet","item":"https:\/\/ivy-bet.com\/es\/"},{"@type":"ListItem","position":2,"name":"Aplicaci\u00f3n"}]},{"@type":"WebSite","@id":"https:\/\/ivy-bet.com\/es\/#website","url":"https:\/\/ivy-bet.com\/es\/","name":"Ivybet","description":"","publisher":{"@id":"https:\/\/ivy-bet.com\/es\/#organization"},"potentialAction":[{"@type":"SearchAction","target":{"@type":"EntryPoint","urlTemplate":"https:\/\/ivy-bet.com\/es\/?s={search_term_string}"},"query-input":{"@type":"PropertyValueSpecification","valueRequired":true,"valueName":"search_term_string"}}],"inLanguage":"es-ES"},{"@type":"Organization","@id":"https:\/\/ivy-bet.com\/es\/#organization","name":"Ivybet","url":"https:\/\/ivy-bet.com\/es\/","logo":{"@type":"ImageObject","inLanguage":"es-ES","@id":"https:\/\/ivy-bet.com\/es\/#\/schema\/logo\/image\/","url":"https:\/\/ivy-bet.com\/wp-content\/uploads\/2025\/03\/B2Gn2x7AGDezQSaRHeDu.svg","contentUrl":"https:\/\/ivy-bet.com\/wp-content\/uploads\/2025\/03\/B2Gn2x7AGDezQSaRHeDu.svg","width":70,"height":25,"caption":"Ivybet"},"image":{"@id":"https:\/\/ivy-bet.com\/es\/#\/schema\/logo\/image\/"}}]}},"_links":{"self":[{"href":"https:\/\/ivy-bet.com\/es\/wp-json\/wp\/v2\/pages\/1425","targetHints":{"allow":["GET"]}}],"collection":[{"href":"https:\/\/ivy-bet.com\/es\/wp-json\/wp\/v2\/pages"}],"about":[{"href":"https:\/\/ivy-bet.com\/es\/wp-json\/wp\/v2\/types\/page"}],"author":[{"embeddable":true,"href":"https:\/\/ivy-bet.com\/es\/wp-json\/wp\/v2\/users\/1"}],"replies":[{"embeddable":true,"href":"https:\/\/ivy-bet.com\/es\/wp-json\/wp\/v2\/comments?post=1425"}],"version-history":[{"count":2,"href":"https:\/\/ivy-bet.com\/es\/wp-json\/wp\/v2\/pages\/1425\/revisions"}],"predecessor-version":[{"id":1838,"href":"https:\/\/ivy-bet.com\/es\/wp-json\/wp\/v2\/pages\/1425\/revisions\/1838"}],"wp:attachment":[{"href":"https:\/\/ivy-bet.com\/es\/wp-json\/wp\/v2\/media?parent=1425"}],"curies":[{"name":"wp","href":"https:\/\/api.w.org\/{rel}","templated":true}]}}