{"id":1419,"date":"2025-12-16T14:58:32","date_gmt":"2025-12-16T14:58:32","guid":{"rendered":"https:\/\/ivy-bet.com\/app\/"},"modified":"2025-12-17T09:07:20","modified_gmt":"2025-12-17T09:07:20","slug":"applicazione","status":"publish","type":"page","link":"https:\/\/ivy-bet.com\/it\/applicazione\/","title":{"rendered":"Applicazione"},"content":{"rendered":"<h1>App IvyBet<\/h1>\n<p>Gioca ovunque ti trovi con la IvyBet app, un&#8217;applicazione mobile rivoluzionaria. Il nostro software di gioco avanzato sviluppato internamente ti offre un&#8217;esperienza di casin\u00f2 completa a portata di mano, consentendoti di giocare a una vasta selezione dei tuoi giochi preferiti dove vuoi, quando vuoi, senza compromettere la qualit\u00e0 o le funzionalit\u00e0. Con un paio di clic sul tuo smartphone, tablet, desktop o laptop, l&#8217;applicazione IvyBet offre un&#8217;esperienza di gioco fluida ed emozionante, ovunque ti trovi, in viaggio o a casa, in tutto il paese.<\/p>\n<p>Le nostre caratteristiche distintive, come la grafica mozzafiato, gli effetti sonori coinvolgenti, i comandi fluidi e l&#8217;eccezionale variet\u00e0 di giochi, sono regolate in modo professionale in base alle dimensioni dello schermo e alle possibilit\u00e0 tecniche del tuo dispositivo mobile. L&#8217;app Ivy Bet \u00e8 l&#8217;emblema della semplicit\u00e0 e della superiorit\u00e0 del gioco mobile e viene aggiornata regolarmente.<\/p>\n<div class=\"banner-wrap\" aria-label=\"Banner\"><img src=\"https:\/\/ivy-bet.com\/wp-content\/uploads\/2025\/12\/Desktop-2.webp\" class=\"w-100 d-none d-lg-block img-pc main-banner-img\" alt=\"Ivybet desktop banner\" fetchpriority=\"high\" decoding=\"async\"><img src=\"https:\/\/ivy-bet.com\/wp-content\/uploads\/2025\/12\/1_1-2.webp\" class=\"w-100 d-none d-md-block d-lg-none main-banner-img\" alt=\"Ivybet mobile banner\" fetchpriority=\"high\" decoding=\"async\"><img src=\"https:\/\/ivy-bet.com\/wp-content\/uploads\/2025\/12\/1_1-2.webp\" class=\"w-100 d-md-none\" alt=\"Ivybet mobile banner\" fetchpriority=\"high\" decoding=\"async\"><div class=\"banner-description\">\n<div class=\"banner-title\">Bonus di benvenuto<\/div>\n<p class=\"banner-header-title\">\u20ac1,500<\/p>\n<div class=\"banner-header-AdditionalText\">+ 250 giri gratuiti<\/div>\n<button data-item=\"homepage_banner_link\" class=\"goto m-button m-gradient-border m-button--primary m-button--large banner-button btn-orange\">\n            <div class=\"m-button-content\">\n                <span>Iscriviti ora<\/span>\n                <span><\/span>\n            <\/div>\n        <\/button>\n<\/div>\n<div class=\"WelcomePack\">\n<p><img loading=\"lazy\" decoding=\"async\" class=\"alignnone size-full wp-image-1372\" src=\"https:\/\/ivy-bet.com\/wp-content\/uploads\/2025\/12\/welcome-crown.svg\" alt=\"crown\" width=\"25\" height=\"26\" \/><\/p>\n<div class=\"WelcomePack-Info\">Cashback settimanale fino al 25%<\/div>\n<p><img loading=\"lazy\" decoding=\"async\" class=\"alignnone size-full wp-image-1372\" src=\"https:\/\/ivy-bet.com\/wp-content\/uploads\/2025\/12\/welcome-crown.svg\" alt=\"crown\" width=\"25\" height=\"26\" \/><\/p>\n<\/div>\n<\/div>\n<h2>Caratteristiche principali<\/h2>\n<p>Le caratteristiche speciali dell&#8217;app Ivy Bet diversificheranno la tua esperienza di gioco:<\/p>\n<table>\n<tbody>\n<tr>\n<td>Ampia selezione di giochi<\/td>\n<td>Ci sono pi\u00f9 di 6.000 giochi da tavolo tra cui scegliere, tra cui slot machine, blackjack, poker, roulette e altri giochi da casin\u00f2 con puntate elevate e croupier dal vivo.<\/td>\n<\/tr>\n<tr>\n<td>Bonus e promozioni generosi<\/td>\n<td>Ricevi grandi bonus di benvenuto, giri gratuiti regolari, promozioni speciali solo per dispositivi mobili e tornei divertenti che offrono sempre ricchi montepremi.<\/td>\n<\/tr>\n<tr>\n<td>\nInterfaccia intuitiva<\/td>\n<td>La sua interfaccia grafica pulita render\u00e0 facile trovare i tuoi giochi preferiti e gestire il tuo account e le tue transazioni per i principianti del casin\u00f2.<\/td>\n<\/tr>\n<tr>\n<td>Sicurezza di alto livello<\/td>\n<td>Un elevato livello di crittografia, canali di pagamento sicuri e controlli di sicurezza regolari garantiscono il massimo livello di sicurezza sul fronte digitale o Internet, proteggendo i tuoi dati personali e finanziari.<\/td>\n<\/tr>\n<tr>\n<td>Accessibilit\u00e0 multipiattaforma<\/td>\n<td>La sincronizzazione fluida ti consente di giocare su dispositivi Android, iOS, Windows e macOS senza perdere i progressi o le impostazioni.<\/td>\n<\/tr>\n<tr>\n<td>\nAssistenza clienti 24 ore su 24, 7 giorni su 7<\/td>\n<td>Offriamo assistenza di qualit\u00e0 24 ore su 24. Puoi contattarci tramite e-mail o live chat e i nostri agenti ti assisteranno il prima possibile.<\/td>\n<\/tr>\n<\/tbody>\n<\/table>\n<p><div class=\"scrollable-content-wrap my-5\"><div class=\"scrollable-content-inner\"><h2>IvyBet Casino APK (Android)<\/h2>\n<p>Ottenere l&#8217;esperienza completa di Ivy Bet Casino sul tuo dispositivo Android \u00e8 incredibilmente semplice e richiede solo pochi minuti dall&#8217;inizio alla fine. La nostra versione personalizzata dell&#8217;APK IvyBet ti consente di giocare sulla nostra piattaforma di casin\u00f2 premium anche se non \u00e8 disponibile nel tuo Google Play Store locale.<\/p>\n<p>La procedura di installazione dell&#8217;APK \u00e8 stata semplificata per soddisfare i pi\u00f9 elevati requisiti di sicurezza. Ottimizziamo la nostra applicazione Android per dispositivi economici e modelli premium al fine di ridurre lo spazio di archiviazione e massimizzare le prestazioni.<\/p>\n<p>Per installare l&#8217;APK Ivy Bet sul tuo dispositivo Android, segui semplicemente queste istruzioni dettagliate:<\/p>\n<ol>\n<li>Digita l&#8217;URL o cerca il sito web di IvyBet Casino sul browser mobile che preferisci (Chrome, Firefox, Samsung Internet o qualsiasi altro browser) per visualizzare il sito web ufficiale. Per evitare il phishing, controlla l&#8217;URL e il certificato di sicurezza per confermare che ti trovi sul nostro sito web.<\/li>\n<li>Tocca il pulsante &#8220;App Casin\u00f2&#8221; sulla homepage per accedere all&#8217;area mobile del nostro sito web.<\/li>\n<li>Nella pagina delle app mobili, premi il pulsante &#8220;Installa&#8221;. Verr\u00e0 avviato il download della nostra ultima versione APK.<\/li>\n<li>Abilita le installazioni non provenienti da Google Play Store prima dell&#8217;installazione. Nella sicurezza del dispositivo, abilita &#8220;Installa da fonti sconosciute&#8221;.<\/li>\n<li>Al termine dell&#8217;installazione, riceverai una notifica. Se le impostazioni del tuo dispositivo lo consentono, l&#8217;icona di IvyBet Casino sar\u00e0 ora presente sulla schermata iniziale.<\/li>\n<\/ol>\n<p>Avvia l&#8217;app toccando la sua icona, accedi al tuo account Ivy Bet Casino con il tuo nome utente\/indirizzo e-mail e password, oppure registrati se sei un nuovo utente. La registrazione nella versione mobile \u00e8 semplice e richiede solo alcune informazioni di base per iniziare.<\/p>\n<p>Dopo aver effettuato l&#8217;accesso, puoi impostare le tue preferenze relative alle notifiche, alla visualizzazione e alla sicurezza dell&#8217;account utilizzando il menu delle impostazioni.<\/p>\n<p>L&#8217;APK viene aggiornato regolarmente con miglioramenti delle prestazioni, potenziamenti della sicurezza e nuove funzionalit\u00e0, con notifiche di aggiornamento inviate direttamente tramite l&#8217;applicazione per garantire che tu possa sempre usufruire della versione pi\u00f9 recente con tutti i potenziamenti e le ottimizzazioni disponibili.<\/p>\n<p>Il nostro team di sviluppo \u00e8 composto da specialisti Android dedicati che perfezionano continuamente l&#8217;applicazione per sfruttare le ultime funzionalit\u00e0 Android, garantendo al contempo la retrocompatibilit\u00e0 con i dispositivi meno recenti.<\/p>\n<p><img loading=\"lazy\" decoding=\"async\" src=\"https:\/\/ivy-bet.com\/wp-content\/uploads\/2025\/12\/Ivybet-iOS-App.webp\" alt=\"Ivybet iOS App\" width=\"1248\" height=\"536\" \/><\/p>\n<\/div><\/div><div style=\"clear: both\"><\/div><div class=\"d-flex justify-content-center\"><button data-item=\"decouvrez_link\" data-group=\"website_links\" class=\"goto fw-bold rounded-pill btn btn-orange\" aria-label=\"Scarica l&#039;app Ivybet\" >Scarica l&#039;app Ivybet<\/button><\/div><div class=\"scrollable-content-wrap my-5\"><div class=\"scrollable-content-inner\"><h2>App IvyBet Casino per il tuo dispositivo iOS<\/h2>\n<p>I clienti Apple possono ora godersi l&#8217;esperienza premium di IvyBet sui propri iPhone e iPad grazie alla nostra applicazione iOS, realizzata su misura per soddisfare i rigorosi requisiti di design e qualit\u00e0 di Apple. L&#8217;applicazione utilizza funzionalit\u00e0 e ottimizzazioni esclusive per iOS per garantire transizioni di gioco fluide e una grafica mozzafiato ad alta risoluzione che si adatta perfettamente ai display Apple. Il nostro team provvede alla manutenzione dell&#8217;app in modo che, in occasione delle principali versioni di iOS, essa venga aggiornata nel giro di pochi giorni per mantenere la compatibilit\u00e0 e sfruttare le nuove funzionalit\u00e0 del sistema.<\/p>\n<p>Installa l&#8217;app IvyBet e potrai iniziare a giocare d&#8217;azzardo dal tuo dispositivo mobile seguendo questi passaggi:<\/p>\n<ol>\n<li>Tocca l&#8217;icona App Store nella libreria delle app sulla schermata Home dopo aver sbloccato il tuo iPad o iPhone. Tutte le app presenti nell&#8217;App Store di Apple sono state sottoposte a controlli di sicurezza e conformit\u00e0 ai rigorosi criteri di sviluppo di Apple.<\/li>\n<li>Dopo aver aperto l&#8217;App Store, clicca sull&#8217;icona di ricerca (lente di ingrandimento) nella barra di navigazione in basso e digita &#8220;Ivy Bet Casino&#8221; nel campo di ricerca in alto. Per ottenere risultati accurati, \u00e8 necessario digitare correttamente il nome.<\/li>\n<li>Il pulsante &#8220;Ottieni&#8221; accanto al nome del programma avvia il processo di installazione. Se stai reinstallando il programma, potresti vedere un&#8217;icona a forma di nuvola con una freccia rivolta verso il basso al posto di &#8220;Ottieni&#8221;.<\/li>\n<li>Autentica la richiesta di download utilizzando Face ID sui nuovi dispositivi, Touch ID sui dispositivi con tasto home o la password del tuo ID Apple. Questa misura di sicurezza limita le installazioni agli utenti italiani autorizzati.<\/li>\n<li>Una volta installata, vedrai il pulsante &#8220;Apri&#8221;. Per aprire l&#8217;app, toccalo; altrimenti, tornerai alla schermata iniziale, dove apparir\u00e0 la nuova icona di IvyBet Casino.<\/li>\n<li>Infine, accedi utilizzando i tuoi dati Ivy Bet Casino o seleziona l&#8217;opzione per registrare un nuovo account in pochi semplici passaggi. La procedura di registrazione iOS \u00e8 ottimizzata per l&#8217;input touch e richiede informazioni minime per consentirti di giocare immediatamente.<\/li>\n<\/ol>\n<p>Il nostro software iOS viene aggiornato frequentemente tramite l&#8217;App Store per includere nuove funzionalit\u00e0 iOS, correzioni di sicurezza, titoli di giochi e migliorare la stabilit\u00e0 delle prestazioni. Questi aggiornamenti vengono testati rigorosamente su tutti i dispositivi Apple supportati, dai vecchi iPhone agli ultimi modelli di iPad Pro, per offrire un&#8217;esperienza di gioco coerente e sicura.<\/p>\n<p>La nostra app identifica e si adatta in modo intelligente alle diverse dimensioni e funzionalit\u00e0 dello schermo. Offre un&#8217;esperienza completamente coinvolgente ed ergonomica, ridimensionando automaticamente i layout, la posizione dei comandi e gli elementi visivi per adattarsi al tuo dispositivo. Le prestazioni ottimizzate consentono un&#8217;esperienza di gioco fluida sui dispositivi iOS meno recenti, mentre le opzioni grafiche si regolano automaticamente in base al tuo dispositivo.<\/p>\n<p><img loading=\"lazy\" decoding=\"async\" src=\"https:\/\/ivy-bet.com\/wp-content\/uploads\/2025\/12\/Ivybet-Android-App.webp\" alt=\"Ivybet Android App\" width=\"1248\" height=\"536\" \/><\/p>\n<\/div><\/div><div style=\"clear: both\"><\/div><div class=\"d-flex justify-content-center\"><button data-item=\"decouvrez_link\" data-group=\"website_links\" class=\"goto fw-bold rounded-pill btn btn-orange\" aria-label=\"Scarica Ivybet\" >Scarica Ivybet<\/button><\/div><div class=\"scrollable-content-wrap my-5\"><div class=\"scrollable-content-inner\"><h2>Applicazione IvyBet Casino per Windows\/macOS<\/h2>\n<p>Abbiamo incluso gli utenti desktop nel nostro impegno per rendere il gioco online accessibile su tutte le piattaforme. Molti casin\u00f2 online limitano le opzioni mobili, ma l&#8217;app Ivy Bet Casino ottimizza Windows e macOS.<\/p>\n<p>Gli utenti Windows e macOS hanno due comode opzioni:<\/p>\n<h3>Accesso tramite browser<\/h3>\n<p>Il modo pi\u00f9 semplice non richiede alcun download. Visita il sito web ufficiale di Ivy Bet Casino su Chrome, Safari, Firefox o Edge. Il nostro design reattivo si adatta alle dimensioni e alla qualit\u00e0 del tuo schermo per un&#8217;esperienza fluida come quella di un&#8217;app dedicata. Questo approccio sblocca tutti i giochi, le funzionalit\u00e0 dell&#8217;account e i bonus.<\/p>\n<h3>Applicazione desktop<\/h3>\n<p>Forniamo software desktop leggero per Windows e macOS per un&#8217;esperienza pi\u00f9 integrata. Questa app offre:<\/p>\n<ul>\n<li>Accesso pi\u00f9 veloce senza browser<\/li>\n<li>Ottimizzazione delle prestazioni specifiche del sistema operativo<\/li>\n<li>Notifiche desktop relative a bonus e promozioni<\/li>\n<li>Utilizzo di risorse inferiore rispetto al gioco basato su browser<\/li>\n<\/ul>\n<p>Seleziona il tuo sistema operativo dalla nostra sezione &#8220;App Casin\u00f2&#8221; per scaricare l&#8217;applicazione desktop. L&#8217;installazione \u00e8 facile e guidata e richiede solo pochi minuti.<\/p>\n<p><img loading=\"lazy\" decoding=\"async\" src=\"https:\/\/ivy-bet.com\/wp-content\/uploads\/2025\/12\/Ivybet-Desktop.webp\" alt=\"Ivybet Desktop\" width=\"1248\" height=\"536\" \/><\/p>\n<\/div><\/div><div style=\"clear: both\"><\/div><div class=\"d-flex justify-content-center\"><button data-item=\"decouvrez_link\" data-group=\"website_links\" class=\"goto fw-bold rounded-pill btn btn-orange\" aria-label=\"Scarica l&#039;app Ivybet\" >Scarica l&#039;app Ivybet<\/button><\/div><div class=\"scrollable-content-wrap my-5\"><div class=\"scrollable-content-inner\"><h2>Domande frequenti<\/h2>\n<h3>L&#8217;assistenza clienti \u00e8 disponibile tramite l&#8217;app IvyBet Casino?<\/h3>\n<p>S\u00ec, il nostro servizio clienti \u00e8 disponibile tramite l&#8217;app IvyBet. Il nostro team di assistenza \u00e8 disponibile 24 ore su 24, 7 giorni su 7, tramite live chat, toccando l&#8217;icona di assistenza nella versione mobile. Per domande pi\u00f9 complesse, il nostro team di assistenza via e-mail risponde entro 1-2 ore. Come la nostra piattaforma desktop, tutte le opzioni di assistenza offrono un supporto di alta qualit\u00e0.<\/p>\n<h3>Esiste un&#8217;app IvyBet Casino per Windows e macOS?<\/h3>\n<p>S\u00ec, IvyBet dispone di un client desktop basato su browser e Windows\/macOS. Il software desktop velocizza il caricamento, mostra le promozioni e ottimizza le prestazioni per il tuo sistema operativo. Si tratta di un software leggero che offre un&#8217;esperienza di casin\u00f2 completa senza bisogno di un browser.<\/p>\n<h3>Ho bisogno di un account per utilizzare l&#8217;app IvyBet Casino?<\/h3>\n<p>Per utilizzare appieno l&#8217;applicazione Ivy Bet \u00e8 necessario disporre di un account. I nuovi utenti possono creare un account con pochi clic, fornendo poche informazioni e senza necessit\u00e0 di verifica. Gli utenti gi\u00e0 registrati possono accedere utilizzando le proprie credenziali. Gli account sono necessari per monitorare i progressi nel gioco, controllare il denaro e ottenere incentivi personalizzati.<\/p>\n<h3>Posso giocare ai giochi di casin\u00f2 dal vivo sull&#8217;app IvyBet Casino?<\/h3>\n<p>In HD, l&#8217;applicazione Ivy Bet Mobile Casino offre un&#8217;opzione di casin\u00f2 dal vivo, gestita da croupier esperti. \u00c8 possibile giocare a blackjack, roulette, baccarat e poker in tempo reale. Il casin\u00f2 mobile live offre una versione ridotta del casin\u00f2 live, ottimizzata per i dispositivi di navigazione pi\u00f9 piccoli, senza compromettere la nitidezza delle immagini o la fluidit\u00e0 di gioco sulle reti 4G. E non dimenticare di cercare il pacchetto di benvenuto! Ora arriva fino a 1.500 \u20ac + 250 giri gratuiti!<\/p>\n<h3>Tutti i giochi sono disponibili sull&#8217;app?<\/h3>\n<p>Quasi tutti i giochi IvyBet sono disponibili sull&#8217;app mobile. Circa il 95% dei nostri oltre 6.000 giochi \u00e8 ottimizzato per dispositivi mobili e sincronizzato su tutta la piattaforma moderna. Le poche eccezioni sono giochi pi\u00f9 vecchi, non ottimizzati per dispositivi mobili. Le nuove versioni vengono lanciate contemporaneamente su desktop e dispositivi mobili e sono compatibili su tutte le piattaforme.<\/p>\n<h3>Come aggiornare l&#8217;app IvyBet Casino?<\/h3>\n<p>Gli aggiornamenti dell&#8217;applicazione IvyBet sono necessari per garantire la sicurezza e le nuove funzionalit\u00e0. Se gli aggiornamenti automatici sono abilitati, l&#8217;App Store gestisce gli aggiornamenti iOS. Controlla l&#8217;area Aggiornamenti dell&#8217;App Store per gli aggiornamenti manuali. Gli utenti Android possono verificare la disponibilit\u00e0 di aggiornamenti nelle impostazioni dell&#8217;app o ricevere avvisi. Per avere sempre la versione pi\u00f9 recente, abilita gli aggiornamenti automatici.<\/p>\n<h3>Come prelevare le vincite tramite l&#8217;app IvyBet?<\/h3>\n<p>L&#8217;app IvyBet Casino rende i prelievi delle vincite veloci e sicuri. Vai su &#8220;Deposita&#8221;, clicca su &#8220;Prelievo&#8221;, scegli il metodo di pagamento (portafogli elettronici, bonifici bancari, criptovalute), inserisci l&#8217;importo e conferma. I primi prelievi potrebbero richiedere una verifica. I portafogli elettronici elaborano i prelievi in circa 24 ore, mentre i bonifici bancari richiedono 2-5 giorni lavorativi.<\/p>\n<\/div><\/div><\/p>\n","protected":false},"excerpt":{"rendered":"<p>App IvyBet Gioca ovunque ti trovi con la IvyBet app, un&#8217;applicazione mobile rivoluzionaria. Il nostro software di gioco avanzato sviluppato internamente ti offre un&#8217;esperienza di casin\u00f2 completa a portata di mano, consentendoti di giocare a una vasta selezione dei tuoi giochi preferiti dove vuoi, quando vuoi, senza compromettere la qualit\u00e0 o le funzionalit\u00e0. Con un [&hellip;]<\/p>\n","protected":false},"author":1,"featured_media":0,"parent":0,"menu_order":0,"comment_status":"closed","ping_status":"closed","template":"template-builder.php","meta":{"_acf_changed":false,"inline_featured_image":false,"footnotes":""},"class_list":["post-1419","page","type-page","status-publish","hentry"],"acf":[],"yoast_head":"<!-- This site is optimized with the Yoast SEO plugin v27.3 - https:\/\/yoast.com\/product\/yoast-seo-wordpress\/ -->\n<title>IvyBet App: casin\u00f2 mobile per Android, iOS, Windows e Mac<\/title>\n<meta name=\"description\" content=\"Scarica IvyBet App per Android o iOS e aprila su Windows o macOS. Gioca ai migliori giochi da casin\u00f2 online sul tuo telefono, tablet o computer su IvyBet Casino, ovunque tu sia!\" \/>\n<meta name=\"robots\" content=\"index, follow, max-snippet:-1, max-image-preview:large, max-video-preview:-1\" \/>\n<link rel=\"canonical\" href=\"https:\/\/ivy-bet.com\/it\/applicazione\/\" \/>\n<meta property=\"og:locale\" content=\"it_IT\" \/>\n<meta property=\"og:type\" content=\"article\" \/>\n<meta property=\"og:title\" content=\"IvyBet App: casin\u00f2 mobile per Android, iOS, Windows e Mac\" \/>\n<meta property=\"og:description\" content=\"Scarica IvyBet App per Android o iOS e aprila su Windows o macOS. Gioca ai migliori giochi da casin\u00f2 online sul tuo telefono, tablet o computer su IvyBet Casino, ovunque tu sia!\" \/>\n<meta property=\"og:url\" content=\"https:\/\/ivy-bet.com\/it\/applicazione\/\" \/>\n<meta property=\"og:site_name\" content=\"ivybet\" \/>\n<meta property=\"article:modified_time\" content=\"2025-12-17T09:07:20+00:00\" \/>\n<meta name=\"twitter:card\" content=\"summary_large_image\" \/>\n<meta name=\"twitter:label1\" content=\"Est. reading time\" \/>\n\t<meta name=\"twitter:data1\" content=\"2 minutes\" \/>\n<script type=\"application\/ld+json\" class=\"yoast-schema-graph\">{\"@context\":\"https:\\\/\\\/schema.org\",\"@graph\":[{\"@type\":\"WebPage\",\"@id\":\"https:\\\/\\\/ivy-bet.com\\\/it\\\/applicazione\\\/\",\"url\":\"https:\\\/\\\/ivy-bet.com\\\/it\\\/applicazione\\\/\",\"name\":\"IvyBet App: casin\u00f2 mobile per Android, iOS, Windows e Mac\",\"isPartOf\":{\"@id\":\"https:\\\/\\\/ivy-bet.com\\\/it\\\/#website\"},\"datePublished\":\"2025-12-16T14:58:32+00:00\",\"dateModified\":\"2025-12-17T09:07:20+00:00\",\"description\":\"Scarica IvyBet App per Android o iOS e aprila su Windows o macOS. Gioca ai migliori giochi da casin\u00f2 online sul tuo telefono, tablet o computer su IvyBet Casino, ovunque tu sia!\",\"breadcrumb\":{\"@id\":\"https:\\\/\\\/ivy-bet.com\\\/it\\\/applicazione\\\/#breadcrumb\"},\"inLanguage\":\"it-IT\",\"potentialAction\":[{\"@type\":\"ReadAction\",\"target\":[\"https:\\\/\\\/ivy-bet.com\\\/it\\\/applicazione\\\/\"]}]},{\"@type\":\"BreadcrumbList\",\"@id\":\"https:\\\/\\\/ivy-bet.com\\\/it\\\/applicazione\\\/#breadcrumb\",\"itemListElement\":[{\"@type\":\"ListItem\",\"position\":1,\"name\":\"Ivybet\",\"item\":\"https:\\\/\\\/ivy-bet.com\\\/it\\\/\"},{\"@type\":\"ListItem\",\"position\":2,\"name\":\"Applicazione\"}]},{\"@type\":\"WebSite\",\"@id\":\"https:\\\/\\\/ivy-bet.com\\\/it\\\/#website\",\"url\":\"https:\\\/\\\/ivy-bet.com\\\/it\\\/\",\"name\":\"Ivybet\",\"description\":\"\",\"publisher\":{\"@id\":\"https:\\\/\\\/ivy-bet.com\\\/it\\\/#organization\"},\"potentialAction\":[{\"@type\":\"SearchAction\",\"target\":{\"@type\":\"EntryPoint\",\"urlTemplate\":\"https:\\\/\\\/ivy-bet.com\\\/it\\\/?s={search_term_string}\"},\"query-input\":{\"@type\":\"PropertyValueSpecification\",\"valueRequired\":true,\"valueName\":\"search_term_string\"}}],\"inLanguage\":\"it-IT\"},{\"@type\":\"Organization\",\"@id\":\"https:\\\/\\\/ivy-bet.com\\\/it\\\/#organization\",\"name\":\"Ivybet\",\"url\":\"https:\\\/\\\/ivy-bet.com\\\/it\\\/\",\"logo\":{\"@type\":\"ImageObject\",\"inLanguage\":\"it-IT\",\"@id\":\"https:\\\/\\\/ivy-bet.com\\\/it\\\/#\\\/schema\\\/logo\\\/image\\\/\",\"url\":\"https:\\\/\\\/ivy-bet.com\\\/wp-content\\\/uploads\\\/2025\\\/03\\\/B2Gn2x7AGDezQSaRHeDu.svg\",\"contentUrl\":\"https:\\\/\\\/ivy-bet.com\\\/wp-content\\\/uploads\\\/2025\\\/03\\\/B2Gn2x7AGDezQSaRHeDu.svg\",\"width\":70,\"height\":25,\"caption\":\"Ivybet\"},\"image\":{\"@id\":\"https:\\\/\\\/ivy-bet.com\\\/it\\\/#\\\/schema\\\/logo\\\/image\\\/\"}}]}<\/script>\n<!-- \/ Yoast SEO plugin. -->","yoast_head_json":{"title":"IvyBet App: casin\u00f2 mobile per Android, iOS, Windows e Mac","description":"Scarica IvyBet App per Android o iOS e aprila su Windows o macOS. Gioca ai migliori giochi da casin\u00f2 online sul tuo telefono, tablet o computer su IvyBet Casino, ovunque tu sia!","robots":{"index":"index","follow":"follow","max-snippet":"max-snippet:-1","max-image-preview":"max-image-preview:large","max-video-preview":"max-video-preview:-1"},"canonical":"https:\/\/ivy-bet.com\/it\/applicazione\/","og_locale":"it_IT","og_type":"article","og_title":"IvyBet App: casin\u00f2 mobile per Android, iOS, Windows e Mac","og_description":"Scarica IvyBet App per Android o iOS e aprila su Windows o macOS. Gioca ai migliori giochi da casin\u00f2 online sul tuo telefono, tablet o computer su IvyBet Casino, ovunque tu sia!","og_url":"https:\/\/ivy-bet.com\/it\/applicazione\/","og_site_name":"ivybet","article_modified_time":"2025-12-17T09:07:20+00:00","twitter_card":"summary_large_image","twitter_misc":{"Est. reading time":"2 minutes"},"schema":{"@context":"https:\/\/schema.org","@graph":[{"@type":"WebPage","@id":"https:\/\/ivy-bet.com\/it\/applicazione\/","url":"https:\/\/ivy-bet.com\/it\/applicazione\/","name":"IvyBet App: casin\u00f2 mobile per Android, iOS, Windows e Mac","isPartOf":{"@id":"https:\/\/ivy-bet.com\/it\/#website"},"datePublished":"2025-12-16T14:58:32+00:00","dateModified":"2025-12-17T09:07:20+00:00","description":"Scarica IvyBet App per Android o iOS e aprila su Windows o macOS. Gioca ai migliori giochi da casin\u00f2 online sul tuo telefono, tablet o computer su IvyBet Casino, ovunque tu sia!","breadcrumb":{"@id":"https:\/\/ivy-bet.com\/it\/applicazione\/#breadcrumb"},"inLanguage":"it-IT","potentialAction":[{"@type":"ReadAction","target":["https:\/\/ivy-bet.com\/it\/applicazione\/"]}]},{"@type":"BreadcrumbList","@id":"https:\/\/ivy-bet.com\/it\/applicazione\/#breadcrumb","itemListElement":[{"@type":"ListItem","position":1,"name":"Ivybet","item":"https:\/\/ivy-bet.com\/it\/"},{"@type":"ListItem","position":2,"name":"Applicazione"}]},{"@type":"WebSite","@id":"https:\/\/ivy-bet.com\/it\/#website","url":"https:\/\/ivy-bet.com\/it\/","name":"Ivybet","description":"","publisher":{"@id":"https:\/\/ivy-bet.com\/it\/#organization"},"potentialAction":[{"@type":"SearchAction","target":{"@type":"EntryPoint","urlTemplate":"https:\/\/ivy-bet.com\/it\/?s={search_term_string}"},"query-input":{"@type":"PropertyValueSpecification","valueRequired":true,"valueName":"search_term_string"}}],"inLanguage":"it-IT"},{"@type":"Organization","@id":"https:\/\/ivy-bet.com\/it\/#organization","name":"Ivybet","url":"https:\/\/ivy-bet.com\/it\/","logo":{"@type":"ImageObject","inLanguage":"it-IT","@id":"https:\/\/ivy-bet.com\/it\/#\/schema\/logo\/image\/","url":"https:\/\/ivy-bet.com\/wp-content\/uploads\/2025\/03\/B2Gn2x7AGDezQSaRHeDu.svg","contentUrl":"https:\/\/ivy-bet.com\/wp-content\/uploads\/2025\/03\/B2Gn2x7AGDezQSaRHeDu.svg","width":70,"height":25,"caption":"Ivybet"},"image":{"@id":"https:\/\/ivy-bet.com\/it\/#\/schema\/logo\/image\/"}}]}},"_links":{"self":[{"href":"https:\/\/ivy-bet.com\/it\/wp-json\/wp\/v2\/pages\/1419","targetHints":{"allow":["GET"]}}],"collection":[{"href":"https:\/\/ivy-bet.com\/it\/wp-json\/wp\/v2\/pages"}],"about":[{"href":"https:\/\/ivy-bet.com\/it\/wp-json\/wp\/v2\/types\/page"}],"author":[{"embeddable":true,"href":"https:\/\/ivy-bet.com\/it\/wp-json\/wp\/v2\/users\/1"}],"replies":[{"embeddable":true,"href":"https:\/\/ivy-bet.com\/it\/wp-json\/wp\/v2\/comments?post=1419"}],"version-history":[{"count":2,"href":"https:\/\/ivy-bet.com\/it\/wp-json\/wp\/v2\/pages\/1419\/revisions"}],"predecessor-version":[{"id":1667,"href":"https:\/\/ivy-bet.com\/it\/wp-json\/wp\/v2\/pages\/1419\/revisions\/1667"}],"wp:attachment":[{"href":"https:\/\/ivy-bet.com\/it\/wp-json\/wp\/v2\/media?parent=1419"}],"curies":[{"name":"wp","href":"https:\/\/api.w.org\/{rel}","templated":true}]}}